{"id":555,"date":"2024-11-04T15:31:45","date_gmt":"2024-11-04T14:31:45","guid":{"rendered":"https:\/\/cerv.gov.sk\/?page_id=555"},"modified":"2026-04-21T11:55:16","modified_gmt":"2026-04-21T09:55:16","slug":"indikativny-plan-vyziev","status":"publish","type":"page","link":"https:\/\/cerv.gov.sk\/index.php\/vyzvy\/indikativny-plan-vyziev\/","title":{"rendered":"Indikat\u00edvny pl\u00e1n v\u00fdziev"},"content":{"rendered":"\t\t<div data-elementor-type=\"wp-page\" data-elementor-id=\"555\" class=\"elementor elementor-555\">\n\t\t\t\t<div class=\"elementor-element elementor-element-6be4030 e-flex e-con-boxed e-con e-parent\" data-id=\"6be4030\" data-element_type=\"container\" data-settings=\"{&quot;background_background&quot;:&quot;classic&quot;}\">\n\t\t\t\t\t<div class=\"e-con-inner\">\n\t\t<div class=\"elementor-element elementor-element-8cf4ab9 e-con-full e-flex e-con e-child\" data-id=\"8cf4ab9\" data-element_type=\"container\">\n\t\t\t\t<div class=\"elementor-element elementor-element-10e02fe elementor-widget elementor-widget-heading\" data-id=\"10e02fe\" data-element_type=\"widget\" data-widget_type=\"heading.default\">\n\t\t\t\t<div class=\"elementor-widget-container\">\n\t\t\t\t\t<h1 class=\"elementor-heading-title elementor-size-default\">Indikat\u00edvny pl\u00e1n v\u00fdziev<\/h1>\t\t\t\t<\/div>\n\t\t\t\t<\/div>\n\t\t\t\t<div class=\"elementor-element elementor-element-5288199 elementor-widget elementor-widget-text-editor\" data-id=\"5288199\" data-element_type=\"widget\" data-widget_type=\"text-editor.default\">\n\t\t\t\t<div class=\"elementor-widget-container\">\n\t\t\t\t\t\t\t\t\t<p>Orienta\u010dn\u00fd preh\u013ead v\u00fdziev na predkladanie \u017eiadost\u00ed na rok 2026 v r\u00e1mci programu Ob\u010dania, rovnos\u0165, pr\u00e1va a hodnoty (CERV)<\/p>\t\t\t\t\t\t\t\t<\/div>\n\t\t\t\t<\/div>\n\t\t\t\t<\/div>\n\t\t\t\t\t<\/div>\n\t\t\t\t<\/div>\n\t\t<div class=\"elementor-element elementor-element-669c960 e-flex e-con-boxed e-con e-parent\" data-id=\"669c960\" data-element_type=\"container\">\n\t\t\t\t\t<div class=\"e-con-inner\">\n\t\t\t\t<div class=\"elementor-element elementor-element-122aa6f elementor-widget elementor-widget-image\" data-id=\"122aa6f\" data-element_type=\"widget\" data-widget_type=\"image.default\">\n\t\t\t\t<div class=\"elementor-widget-container\">\n\t\t\t\t\t\t\t\t\t\t\t\t\t\t\t<img fetchpriority=\"high\" decoding=\"async\" width=\"1024\" height=\"683\" src=\"https:\/\/cerv.gov.sk\/wp-content\/uploads\/2026\/04\/indikativny-plan-vyziev-update-1024x683.png\" class=\"attachment-large size-large wp-image-3891\" alt=\"indikat\u00edvny pl\u00e1n v\u00fdziev CERV update\" srcset=\"https:\/\/cerv.gov.sk\/wp-content\/uploads\/2026\/04\/indikativny-plan-vyziev-update-1024x683.png 1024w, https:\/\/cerv.gov.sk\/wp-content\/uploads\/2026\/04\/indikativny-plan-vyziev-update-300x200.png 300w, https:\/\/cerv.gov.sk\/wp-content\/uploads\/2026\/04\/indikativny-plan-vyziev-update-768x512.png 768w, https:\/\/cerv.gov.sk\/wp-content\/uploads\/2026\/04\/indikativny-plan-vyziev-update.png 1536w\" sizes=\"(max-width: 1024px) 100vw, 1024px\" \/>\t\t\t\t\t\t\t\t\t\t\t\t\t\t\t<\/div>\n\t\t\t\t<\/div>\n\t\t\t\t\t<\/div>\n\t\t\t\t<\/div>\n\t\t<div class=\"elementor-element elementor-element-01a10ce e-flex e-con-boxed e-con e-parent\" data-id=\"01a10ce\" data-element_type=\"container\">\n\t\t\t\t\t<div class=\"e-con-inner\">\n\t\t\t\t<div class=\"elementor-element elementor-element-56ce8bd elementor-widget elementor-widget-text-editor\" data-id=\"56ce8bd\" data-element_type=\"widget\" data-widget_type=\"text-editor.default\">\n\t\t\t\t<div class=\"elementor-widget-container\">\n\t\t\t\t\t\t\t\t\t<p><a href=\"https:\/\/cerv.gov.sk\/wp-content\/uploads\/2026\/04\/Calls-for-proposal-CERV-2026_indicative-planning-NEW-21.04.2026.pdf\">Indikat\u00edvny pl\u00e1n v\u00fdziev na stiahnutie (pdf., 99 kB)<\/a><\/p>\t\t\t\t\t\t\t\t<\/div>\n\t\t\t\t<\/div>\n\t\t\t\t\t<\/div>\n\t\t\t\t<\/div>\n\t\t<div class=\"elementor-element elementor-element-c569be3 e-flex e-con-boxed e-con e-parent\" data-id=\"c569be3\" data-element_type=\"container\">\n\t\t\t\t\t<div class=\"e-con-inner\">\n\t\t\t\t\t<\/div>\n\t\t\t\t<\/div>\n\t\t\t\t<\/div>\n\t\t","protected":false},"excerpt":{"rendered":"<p>Indikat\u00edvny pl\u00e1n v\u00fdziev Orienta\u010dn\u00fd preh\u013ead v\u00fdziev na predkladanie \u017eiadost\u00ed na rok 2026 v r\u00e1mci programu Ob\u010dania, rovnos\u0165, pr\u00e1va a hodnoty [&hellip;]<\/p>\n","protected":false},"author":1,"featured_media":0,"parent":13,"menu_order":0,"comment_status":"closed","ping_status":"closed","template":"","meta":{"om_disable_all_campaigns":false,"_monsterinsights_skip_tracking":false,"_monsterinsights_sitenote_active":false,"_monsterinsights_sitenote_note":"","_monsterinsights_sitenote_category":0,"_uf_show_specific_survey":0,"_uf_disable_surveys":false,"site-sidebar-layout":"no-sidebar","site-content-layout":"","ast-site-content-layout":"full-width-container","site-content-style":"default","site-sidebar-style":"default","ast-global-header-display":"","ast-banner-title-visibility":"","ast-main-header-display":"","ast-hfb-above-header-display":"","ast-hfb-below-header-display":"","ast-hfb-mobile-header-display":"","site-post-title":"disabled","ast-breadcrumbs-content":"","ast-featured-img":"disabled","footer-sml-layout":"","theme-transparent-header-meta":"","adv-header-id-meta":"","stick-header-meta":"","header-above-stick-meta":"","header-main-stick-meta":"","header-below-stick-meta":"","astra-migrate-meta-layouts":"default","ast-page-background-enabled":"default","ast-page-background-meta":{"desktop":{"background-color":"var(--ast-global-color-4)","background-image":"","background-repeat":"repeat","background-position":"center center","background-size":"auto","background-attachment":"scroll","background-type":"","background-media":"","overlay-type":"","overlay-color":"","overlay-opacity":"","overlay-gradient":""},"tablet":{"background-color":"","background-image":"","background-repeat":"repeat","background-position":"center center","background-size":"auto","background-attachment":"scroll","background-type":"","background-media":"","overlay-type":"","overlay-color":"","overlay-opacity":"","overlay-gradient":""},"mobile":{"background-color":"","background-image":"","background-repeat":"repeat","background-position":"center center","background-size":"auto","background-attachment":"scroll","background-type":"","background-media":"","overlay-type":"","overlay-color":"","overlay-opacity":"","overlay-gradient":""}},"ast-content-background-meta":{"desktop":{"background-color":"var(--ast-global-color-5)","background-image":"","background-repeat":"repeat","background-position":"center center","background-size":"auto","background-attachment":"scroll","background-type":"","background-media":"","overlay-type":"","overlay-color":"","overlay-opacity":"","overlay-gradient":""},"tablet":{"background-color":"var(--ast-global-color-5)","background-image":"","background-repeat":"repeat","background-position":"center center","background-size":"auto","background-attachment":"scroll","background-type":"","background-media":"","overlay-type":"","overlay-color":"","overlay-opacity":"","overlay-gradient":""},"mobile":{"background-color":"var(--ast-global-color-5)","background-image":"","background-repeat":"repeat","background-position":"center center","background-size":"auto","background-attachment":"scroll","background-type":"","background-media":"","overlay-type":"","overlay-color":"","overlay-opacity":"","overlay-gradient":""}},"footnotes":""},"class_list":["post-555","page","type-page","status-publish","hentry"],"aioseo_notices":[],"_links":{"self":[{"href":"https:\/\/cerv.gov.sk\/index.php\/wp-json\/wp\/v2\/pages\/555","targetHints":{"allow":["GET"]}}],"collection":[{"href":"https:\/\/cerv.gov.sk\/index.php\/wp-json\/wp\/v2\/pages"}],"about":[{"href":"https:\/\/cerv.gov.sk\/index.php\/wp-json\/wp\/v2\/types\/page"}],"author":[{"embeddable":true,"href":"https:\/\/cerv.gov.sk\/index.php\/wp-json\/wp\/v2\/users\/1"}],"replies":[{"embeddable":true,"href":"https:\/\/cerv.gov.sk\/index.php\/wp-json\/wp\/v2\/comments?post=555"}],"version-history":[{"count":70,"href":"https:\/\/cerv.gov.sk\/index.php\/wp-json\/wp\/v2\/pages\/555\/revisions"}],"predecessor-version":[{"id":3898,"href":"https:\/\/cerv.gov.sk\/index.php\/wp-json\/wp\/v2\/pages\/555\/revisions\/3898"}],"up":[{"embeddable":true,"href":"https:\/\/cerv.gov.sk\/index.php\/wp-json\/wp\/v2\/pages\/13"}],"wp:attachment":[{"href":"https:\/\/cerv.gov.sk\/index.php\/wp-json\/wp\/v2\/media?parent=555"}],"curies":[{"name":"wp","href":"https:\/\/api.w.org\/{rel}","templated":true}]}}