{"id":551,"date":"2024-11-04T15:31:56","date_gmt":"2024-11-04T14:31:56","guid":{"rendered":"https:\/\/cerv.gov.sk\/?page_id=551"},"modified":"2025-08-14T13:02:36","modified_gmt":"2025-08-14T11:02:36","slug":"aktualne-vyzvy","status":"publish","type":"page","link":"https:\/\/cerv.gov.sk\/index.php\/vyzvy\/aktualne-vyzvy\/","title":{"rendered":"Aktu\u00e1lne v\u00fdzvy"},"content":{"rendered":"\t\t<div data-elementor-type=\"wp-page\" data-elementor-id=\"551\" class=\"elementor elementor-551\">\n\t\t\t\t<div class=\"elementor-element elementor-element-6be4030 e-flex e-con-boxed e-con e-parent\" data-id=\"6be4030\" data-element_type=\"container\" data-settings=\"{&quot;background_background&quot;:&quot;classic&quot;}\">\n\t\t\t\t\t<div class=\"e-con-inner\">\n\t\t<div class=\"elementor-element elementor-element-8cf4ab9 e-con-full e-flex e-con e-child\" data-id=\"8cf4ab9\" data-element_type=\"container\">\n\t\t\t\t<div class=\"elementor-element elementor-element-10e02fe elementor-widget elementor-widget-heading\" data-id=\"10e02fe\" data-element_type=\"widget\" data-widget_type=\"heading.default\">\n\t\t\t\t<div class=\"elementor-widget-container\">\n\t\t\t\t\t<h1 class=\"elementor-heading-title elementor-size-default\">Aktu\u00e1lne v\u00fdzvy<\/h1>\t\t\t\t<\/div>\n\t\t\t\t<\/div>\n\t\t\t\t<div class=\"elementor-element elementor-element-5288199 elementor-widget elementor-widget-text-editor\" data-id=\"5288199\" data-element_type=\"widget\" data-widget_type=\"text-editor.default\">\n\t\t\t\t<div class=\"elementor-widget-container\">\n\t\t\t\t\t\t\t\t\t<p>Zoznam aktu\u00e1lne vyhl\u00e1sen\u00fdch v\u00fdziev<\/p>\t\t\t\t\t\t\t\t<\/div>\n\t\t\t\t<\/div>\n\t\t\t\t<\/div>\n\t\t\t\t\t<\/div>\n\t\t\t\t<\/div>\n\t\t<div class=\"elementor-element elementor-element-ff2cc41 e-flex e-con-boxed e-con e-parent\" data-id=\"ff2cc41\" data-element_type=\"container\" data-settings=\"{&quot;background_background&quot;:&quot;classic&quot;}\">\n\t\t\t\t\t<div class=\"e-con-inner\">\n\t\t\t\t<div class=\"elementor-element elementor-element-df14d30 elementor-grid-eael-col-3 elementor-grid-tablet-eael-col-3 elementor-grid-mobile-eael-col-1 elementor-widget elementor-widget-eael-post-grid\" data-id=\"df14d30\" data-element_type=\"widget\" data-settings=\"{&quot;eael_post_grid_columns&quot;:&quot;eael-col-3&quot;,&quot;eael_post_grid_columns_tablet&quot;:&quot;eael-col-3&quot;,&quot;eael_post_grid_columns_mobile&quot;:&quot;eael-col-1&quot;}\" data-widget_type=\"eael-post-grid.default\">\n\t\t\t\t<div class=\"elementor-widget-container\">\n\t\t\t\t\t<div id=\"eael-post-grid-df14d30\" class=\"eael-post-grid-container\">\n            <div class=\"eael-post-grid eael-post-appender eael-post-appender-df14d30 eael-post-grid-style-one\" data-layout-mode=\"grid\"><article class=\"eael-grid-post eael-post-grid-column\" data-id=\"3673\">\n        <div class=\"eael-grid-post-holder\">\n            <div class=\"eael-grid-post-holder-inner\"><div class=\"eael-entry-media\"><div class=\"eael-entry-overlay zoom-in\"><i class=\"far fa-question-circle\" aria-hidden=\"true\"><\/i><a href=\"https:\/\/cerv.gov.sk\/index.php\/2026\/03\/03\/vyzva-cerv-2026-citizens-civ\/\"><\/a><\/div><div class=\"eael-entry-thumbnail eael-image-ratio\">\n                <img fetchpriority=\"high\" decoding=\"async\" width=\"300\" height=\"212\" src=\"https:\/\/cerv.gov.sk\/wp-content\/uploads\/2024\/11\/Konzultacia-2-300x212.jpg\" class=\"attachment-medium size-medium wp-image-1062\" alt=\"Ilustra\u010dn\u00fd obr\u00e1zok - siete\" srcset=\"https:\/\/cerv.gov.sk\/wp-content\/uploads\/2024\/11\/Konzultacia-2-300x212.jpg 300w, https:\/\/cerv.gov.sk\/wp-content\/uploads\/2024\/11\/Konzultacia-2-1024x724.jpg 1024w, https:\/\/cerv.gov.sk\/wp-content\/uploads\/2024\/11\/Konzultacia-2-768x543.jpg 768w, https:\/\/cerv.gov.sk\/wp-content\/uploads\/2024\/11\/Konzultacia-2-1536x1086.jpg 1536w, https:\/\/cerv.gov.sk\/wp-content\/uploads\/2024\/11\/Konzultacia-2.jpg 2000w\" sizes=\"(max-width: 300px) 100vw, 300px\" \/>\n            <\/div>\n        <\/div><div class=\"eael-entry-wrapper\"><header class=\"eael-entry-header\"><h2 class=\"eael-entry-title\"><a\n                        class=\"eael-grid-post-link\"\n                        href=\"https:\/\/cerv.gov.sk\/index.php\/2026\/03\/03\/vyzva-cerv-2026-citizens-civ\/\"\n                        title=\"V\u00fdzva Anga\u017eovanos\u0165 a particip\u00e1cia ob\u010danov\">V\u00fdzva Anga\u017eovanos\u0165 a particip\u00e1cia ob\u010danov<\/a><\/h2><\/header><div class=\"eael-entry-content\">\n                        <div class=\"eael-grid-post-excerpt\"><p>V\u00fdzva CERV-2026-CITIZENS \u2013CIV | otvoren\u00e1 do 29.4.2026<\/p><a href=\"https:\/\/cerv.gov.sk\/index.php\/2026\/03\/03\/vyzva-cerv-2026-citizens-civ\/\" class=\"eael-post-elements-readmore-btn\">Chcem vedie\u0165 viac<\/a><\/div>\n                    <\/div><\/div><\/div>\n        <\/div>\n    <\/article><article class=\"eael-grid-post eael-post-grid-column\" data-id=\"3652\">\n        <div class=\"eael-grid-post-holder\">\n            <div class=\"eael-grid-post-holder-inner\"><div class=\"eael-entry-media\"><div class=\"eael-entry-overlay zoom-in\"><i class=\"far fa-question-circle\" aria-hidden=\"true\"><\/i><a href=\"https:\/\/cerv.gov.sk\/index.php\/2026\/02\/26\/vyzva-ochrana-osobnych-udajov\/\"><\/a><\/div><div class=\"eael-entry-thumbnail eael-image-ratio\">\n                <img decoding=\"async\" width=\"300\" height=\"212\" src=\"https:\/\/cerv.gov.sk\/wp-content\/uploads\/2024\/11\/Konzultacia-6-300x212.jpg\" class=\"attachment-medium size-medium wp-image-1187\" alt=\"Ilustra\u010dn\u00fd obr\u00e1zok - notebook, kl\u00e1vesnica, ruky\" srcset=\"https:\/\/cerv.gov.sk\/wp-content\/uploads\/2024\/11\/Konzultacia-6-300x212.jpg 300w, https:\/\/cerv.gov.sk\/wp-content\/uploads\/2024\/11\/Konzultacia-6-1024x724.jpg 1024w, https:\/\/cerv.gov.sk\/wp-content\/uploads\/2024\/11\/Konzultacia-6-768x543.jpg 768w, https:\/\/cerv.gov.sk\/wp-content\/uploads\/2024\/11\/Konzultacia-6-1536x1086.jpg 1536w, https:\/\/cerv.gov.sk\/wp-content\/uploads\/2024\/11\/Konzultacia-6.jpg 2000w\" sizes=\"(max-width: 300px) 100vw, 300px\" \/>\n            <\/div>\n        <\/div><div class=\"eael-entry-wrapper\"><header class=\"eael-entry-header\"><h2 class=\"eael-entry-title\"><a\n                        class=\"eael-grid-post-link\"\n                        href=\"https:\/\/cerv.gov.sk\/index.php\/2026\/02\/26\/vyzva-ochrana-osobnych-udajov\/\"\n                        title=\"V\u00fdzva Ochrana osobn\u00fdch \u00fadajov\">V\u00fdzva Ochrana osobn\u00fdch \u00fadajov<\/a><\/h2><\/header><div class=\"eael-entry-content\">\n                        <div class=\"eael-grid-post-excerpt\"><p>CERV-2026-DATA | otvoren\u00e1 do 28.5.2026<\/p><a href=\"https:\/\/cerv.gov.sk\/index.php\/2026\/02\/26\/vyzva-ochrana-osobnych-udajov\/\" class=\"eael-post-elements-readmore-btn\">Chcem vedie\u0165 viac<\/a><\/div>\n                    <\/div><\/div><\/div>\n        <\/div>\n    <\/article><article class=\"eael-grid-post eael-post-grid-column\" data-id=\"3587\">\n        <div class=\"eael-grid-post-holder\">\n            <div class=\"eael-grid-post-holder-inner\"><div class=\"eael-entry-media\"><div class=\"eael-entry-overlay zoom-in\"><i class=\"far fa-question-circle\" aria-hidden=\"true\"><\/i><a href=\"https:\/\/cerv.gov.sk\/index.php\/2026\/02\/11\/vyzva-rodova-rovnost\/\"><\/a><\/div><div class=\"eael-entry-thumbnail eael-image-ratio\">\n                <img decoding=\"async\" width=\"300\" height=\"300\" src=\"https:\/\/cerv.gov.sk\/wp-content\/uploads\/2024\/09\/2024-09-12_163210-300x300.png\" class=\"attachment-medium size-medium wp-image-41\" alt=\"Ilustra\u010dn\u00fd obr\u00e1zok - \u017eena\" srcset=\"https:\/\/cerv.gov.sk\/wp-content\/uploads\/2024\/09\/2024-09-12_163210-300x300.png 300w, https:\/\/cerv.gov.sk\/wp-content\/uploads\/2024\/09\/2024-09-12_163210-150x150.png 150w, https:\/\/cerv.gov.sk\/wp-content\/uploads\/2024\/09\/2024-09-12_163210.png 750w\" sizes=\"(max-width: 300px) 100vw, 300px\" \/>\n            <\/div>\n        <\/div><div class=\"eael-entry-wrapper\"><header class=\"eael-entry-header\"><h2 class=\"eael-entry-title\"><a\n                        class=\"eael-grid-post-link\"\n                        href=\"https:\/\/cerv.gov.sk\/index.php\/2026\/02\/11\/vyzva-rodova-rovnost\/\"\n                        title=\"V\u00fdzva Rodov\u00e1 rovnos\u0165\">V\u00fdzva Rodov\u00e1 rovnos\u0165<\/a><\/h2><\/header><div class=\"eael-entry-content\">\n                        <div class=\"eael-grid-post-excerpt\"><p>CERV-2026-GE | otvoren\u00e1 do 28.4.2026<\/p><a href=\"https:\/\/cerv.gov.sk\/index.php\/2026\/02\/11\/vyzva-rodova-rovnost\/\" class=\"eael-post-elements-readmore-btn\">Chcem vedie\u0165 viac<\/a><\/div>\n                    <\/div><\/div><\/div>\n        <\/div>\n    <\/article><article class=\"eael-grid-post eael-post-grid-column\" data-id=\"3490\">\n        <div class=\"eael-grid-post-holder\">\n            <div class=\"eael-grid-post-holder-inner\"><div class=\"eael-entry-media\"><div class=\"eael-entry-overlay zoom-in\"><i class=\"far fa-question-circle\" aria-hidden=\"true\"><\/i><a href=\"https:\/\/cerv.gov.sk\/index.php\/2025\/12\/22\/vyzva-siete-miest\/\"><\/a><\/div><div class=\"eael-entry-thumbnail eael-image-ratio\">\n                <img fetchpriority=\"high\" decoding=\"async\" width=\"300\" height=\"212\" src=\"https:\/\/cerv.gov.sk\/wp-content\/uploads\/2024\/11\/Konzultacia-2-300x212.jpg\" class=\"attachment-medium size-medium wp-image-1062\" alt=\"Ilustra\u010dn\u00fd obr\u00e1zok - siete\" srcset=\"https:\/\/cerv.gov.sk\/wp-content\/uploads\/2024\/11\/Konzultacia-2-300x212.jpg 300w, https:\/\/cerv.gov.sk\/wp-content\/uploads\/2024\/11\/Konzultacia-2-1024x724.jpg 1024w, https:\/\/cerv.gov.sk\/wp-content\/uploads\/2024\/11\/Konzultacia-2-768x543.jpg 768w, https:\/\/cerv.gov.sk\/wp-content\/uploads\/2024\/11\/Konzultacia-2-1536x1086.jpg 1536w, https:\/\/cerv.gov.sk\/wp-content\/uploads\/2024\/11\/Konzultacia-2.jpg 2000w\" sizes=\"(max-width: 300px) 100vw, 300px\" \/>\n            <\/div>\n        <\/div><div class=\"eael-entry-wrapper\"><header class=\"eael-entry-header\"><h2 class=\"eael-entry-title\"><a\n                        class=\"eael-grid-post-link\"\n                        href=\"https:\/\/cerv.gov.sk\/index.php\/2025\/12\/22\/vyzva-siete-miest\/\"\n                        title=\"V\u00fdzva Siete miest\">V\u00fdzva Siete miest<\/a><\/h2><\/header><div class=\"eael-entry-content\">\n                        <div class=\"eael-grid-post-excerpt\"><p>CERV-2026-CITIZENS-TOWN-NT | otvoren\u00e1 do 16.4.2026<\/p><a href=\"https:\/\/cerv.gov.sk\/index.php\/2025\/12\/22\/vyzva-siete-miest\/\" class=\"eael-post-elements-readmore-btn\">Chcem vedie\u0165 viac<\/a><\/div>\n                    <\/div><\/div><\/div>\n        <\/div>\n    <\/article><article class=\"eael-grid-post eael-post-grid-column\" data-id=\"3452\">\n        <div class=\"eael-grid-post-holder\">\n            <div class=\"eael-grid-post-holder-inner\"><div class=\"eael-entry-media\"><div class=\"eael-entry-overlay zoom-in\"><i class=\"far fa-question-circle\" aria-hidden=\"true\"><\/i><a href=\"https:\/\/cerv.gov.sk\/index.php\/2025\/12\/11\/narodny-kontaktny-bod-pre-romov-nrcp\/\"><\/a><\/div><div class=\"eael-entry-thumbnail eael-image-ratio\">\n                <img loading=\"lazy\" decoding=\"async\" width=\"300\" height=\"212\" src=\"https:\/\/cerv.gov.sk\/wp-content\/uploads\/2024\/09\/Konzultacia-3-300x212.jpg\" class=\"attachment-medium size-medium wp-image-1066\" alt=\"Ilustra\u010dn\u00fd obr\u00e1zok - ruky\" srcset=\"https:\/\/cerv.gov.sk\/wp-content\/uploads\/2024\/09\/Konzultacia-3-300x212.jpg 300w, https:\/\/cerv.gov.sk\/wp-content\/uploads\/2024\/09\/Konzultacia-3-1024x724.jpg 1024w, https:\/\/cerv.gov.sk\/wp-content\/uploads\/2024\/09\/Konzultacia-3-768x543.jpg 768w, https:\/\/cerv.gov.sk\/wp-content\/uploads\/2024\/09\/Konzultacia-3-1536x1086.jpg 1536w, https:\/\/cerv.gov.sk\/wp-content\/uploads\/2024\/09\/Konzultacia-3.jpg 2000w\" sizes=\"(max-width: 300px) 100vw, 300px\" \/>\n            <\/div>\n        <\/div><div class=\"eael-entry-wrapper\"><header class=\"eael-entry-header\"><h2 class=\"eael-entry-title\"><a\n                        class=\"eael-grid-post-link\"\n                        href=\"https:\/\/cerv.gov.sk\/index.php\/2025\/12\/11\/narodny-kontaktny-bod-pre-romov-nrcp\/\"\n                        title=\"V\u00fdzva pre N\u00e1rodn\u00e9 kontaktn\u00e9 miesta pre R\u00f3mov (NRCP)\">V\u00fdzva pre N\u00e1rodn\u00e9 kontaktn\u00e9 miesta pre R\u00f3mov (NRCP)<\/a><\/h2><\/header><div class=\"eael-entry-content\">\n                        <div class=\"eael-grid-post-excerpt\"><p>CERV-2026-NRCP | otvoren\u00e1 do 09.04.2026<\/p><a href=\"https:\/\/cerv.gov.sk\/index.php\/2025\/12\/11\/narodny-kontaktny-bod-pre-romov-nrcp\/\" class=\"eael-post-elements-readmore-btn\">Chcem vedie\u0165 viac<\/a><\/div>\n                    <\/div><\/div><\/div>\n        <\/div>\n    <\/article><article class=\"eael-grid-post eael-post-grid-column\" data-id=\"3417\">\n        <div class=\"eael-grid-post-holder\">\n            <div class=\"eael-grid-post-holder-inner\"><div class=\"eael-entry-media\"><div class=\"eael-entry-overlay zoom-in\"><i class=\"far fa-question-circle\" aria-hidden=\"true\"><\/i><a href=\"https:\/\/cerv.gov.sk\/index.php\/2025\/12\/04\/novy-pracovny-program-cerv-na-roky-2026-a-2027\/\"><\/a><\/div><div class=\"eael-entry-thumbnail eael-image-ratio\">\n                <img loading=\"lazy\" decoding=\"async\" width=\"300\" height=\"300\" src=\"https:\/\/cerv.gov.sk\/wp-content\/uploads\/2025\/12\/updated-indicative-plan-December-300x300.png\" class=\"attachment-medium size-medium wp-image-3419\" alt=\"\" srcset=\"https:\/\/cerv.gov.sk\/wp-content\/uploads\/2025\/12\/updated-indicative-plan-December-300x300.png 300w, https:\/\/cerv.gov.sk\/wp-content\/uploads\/2025\/12\/updated-indicative-plan-December-1024x1024.png 1024w, https:\/\/cerv.gov.sk\/wp-content\/uploads\/2025\/12\/updated-indicative-plan-December-150x150.png 150w, https:\/\/cerv.gov.sk\/wp-content\/uploads\/2025\/12\/updated-indicative-plan-December-768x768.png 768w, https:\/\/cerv.gov.sk\/wp-content\/uploads\/2025\/12\/updated-indicative-plan-December.png 1080w\" sizes=\"(max-width: 300px) 100vw, 300px\" \/>\n            <\/div>\n        <\/div><div class=\"eael-entry-wrapper\"><header class=\"eael-entry-header\"><h2 class=\"eael-entry-title\"><a\n                        class=\"eael-grid-post-link\"\n                        href=\"https:\/\/cerv.gov.sk\/index.php\/2025\/12\/04\/novy-pracovny-program-cerv-na-roky-2026-a-2027\/\"\n                        title=\"Nov\u00fd pracovn\u00fd program CERV na roky 2026 a 2027\">Nov\u00fd pracovn\u00fd program CERV na roky 2026 a 2027<\/a><\/h2><\/header><div class=\"eael-entry-content\">\n                        <div class=\"eael-grid-post-excerpt\"><p>18 v\u00fdziev na predkladanie \u017eiadost\u00ed (DG JUST &amp; EACEA)<\/p><a href=\"https:\/\/cerv.gov.sk\/index.php\/2025\/12\/04\/novy-pracovny-program-cerv-na-roky-2026-a-2027\/\" class=\"eael-post-elements-readmore-btn\">Chcem vedie\u0165 viac<\/a><\/div>\n                    <\/div><\/div><\/div>\n        <\/div>\n    <\/article><\/div>\n            <div class=\"clearfix\"><\/div>\n        <\/div>\t\t\t\t<\/div>\n\t\t\t\t<\/div>\n\t\t\t\t\t<\/div>\n\t\t\t\t<\/div>\n\t\t\t\t<\/div>\n\t\t","protected":false},"excerpt":{"rendered":"<p>Aktu\u00e1lne v\u00fdzvy Zoznam aktu\u00e1lne vyhl\u00e1sen\u00fdch v\u00fdziev V\u00fdzva CERV-2025-CHILD V\u00fdzva Pr\u00e1va die\u0165a\u0165a a \u00fa\u010das\u0165 det\u00ed CERV-2025-CHILD T\u00e9my a priority\u00a0&#8230; Chcem vedie\u0165 [&hellip;]<\/p>\n","protected":false},"author":1,"featured_media":0,"parent":13,"menu_order":0,"comment_status":"closed","ping_status":"closed","template":"","meta":{"om_disable_all_campaigns":false,"_monsterinsights_skip_tracking":false,"_monsterinsights_sitenote_active":false,"_monsterinsights_sitenote_note":"","_monsterinsights_sitenote_category":0,"_uf_show_specific_survey":0,"_uf_disable_surveys":false,"site-sidebar-layout":"no-sidebar","site-content-layout":"","ast-site-content-layout":"full-width-container","site-content-style":"default","site-sidebar-style":"default","ast-global-header-display":"","ast-banner-title-visibility":"","ast-main-header-display":"","ast-hfb-above-header-display":"","ast-hfb-below-header-display":"","ast-hfb-mobile-header-display":"","site-post-title":"disabled","ast-breadcrumbs-content":"","ast-featured-img":"disabled","footer-sml-layout":"","theme-transparent-header-meta":"","adv-header-id-meta":"","stick-header-meta":"","header-above-stick-meta":"","header-main-stick-meta":"","header-below-stick-meta":"","astra-migrate-meta-layouts":"default","ast-page-background-enabled":"default","ast-page-background-meta":{"desktop":{"background-color":"var(--ast-global-color-4)","background-image":"","background-repeat":"repeat","background-position":"center center","background-size":"auto","background-attachment":"scroll","background-type":"","background-media":"","overlay-type":"","overlay-color":"","overlay-opacity":"","overlay-gradient":""},"tablet":{"background-color":"","background-image":"","background-repeat":"repeat","background-position":"center center","background-size":"auto","background-attachment":"scroll","background-type":"","background-media":"","overlay-type":"","overlay-color":"","overlay-opacity":"","overlay-gradient":""},"mobile":{"background-color":"","background-image":"","background-repeat":"repeat","background-position":"center center","background-size":"auto","background-attachment":"scroll","background-type":"","background-media":"","overlay-type":"","overlay-color":"","overlay-opacity":"","overlay-gradient":""}},"ast-content-background-meta":{"desktop":{"background-color":"var(--ast-global-color-5)","background-image":"","background-repeat":"repeat","background-position":"center center","background-size":"auto","background-attachment":"scroll","background-type":"","background-media":"","overlay-type":"","overlay-color":"","overlay-opacity":"","overlay-gradient":""},"tablet":{"background-color":"var(--ast-global-color-5)","background-image":"","background-repeat":"repeat","background-position":"center center","background-size":"auto","background-attachment":"scroll","background-type":"","background-media":"","overlay-type":"","overlay-color":"","overlay-opacity":"","overlay-gradient":""},"mobile":{"background-color":"var(--ast-global-color-5)","background-image":"","background-repeat":"repeat","background-position":"center center","background-size":"auto","background-attachment":"scroll","background-type":"","background-media":"","overlay-type":"","overlay-color":"","overlay-opacity":"","overlay-gradient":""}},"footnotes":""},"class_list":["post-551","page","type-page","status-publish","hentry"],"aioseo_notices":[],"_links":{"self":[{"href":"https:\/\/cerv.gov.sk\/index.php\/wp-json\/wp\/v2\/pages\/551","targetHints":{"allow":["GET"]}}],"collection":[{"href":"https:\/\/cerv.gov.sk\/index.php\/wp-json\/wp\/v2\/pages"}],"about":[{"href":"https:\/\/cerv.gov.sk\/index.php\/wp-json\/wp\/v2\/types\/page"}],"author":[{"embeddable":true,"href":"https:\/\/cerv.gov.sk\/index.php\/wp-json\/wp\/v2\/users\/1"}],"replies":[{"embeddable":true,"href":"https:\/\/cerv.gov.sk\/index.php\/wp-json\/wp\/v2\/comments?post=551"}],"version-history":[{"count":37,"href":"https:\/\/cerv.gov.sk\/index.php\/wp-json\/wp\/v2\/pages\/551\/revisions"}],"predecessor-version":[{"id":1863,"href":"https:\/\/cerv.gov.sk\/index.php\/wp-json\/wp\/v2\/pages\/551\/revisions\/1863"}],"up":[{"embeddable":true,"href":"https:\/\/cerv.gov.sk\/index.php\/wp-json\/wp\/v2\/pages\/13"}],"wp:attachment":[{"href":"https:\/\/cerv.gov.sk\/index.php\/wp-json\/wp\/v2\/media?parent=551"}],"curies":[{"name":"wp","href":"https:\/\/api.w.org\/{rel}","templated":true}]}}