{"id":22,"date":"2024-09-12T12:10:34","date_gmt":"2024-09-12T10:10:34","guid":{"rendered":"https:\/\/cerv.gov.sk\/?page_id=22"},"modified":"2025-10-03T12:49:41","modified_gmt":"2025-10-03T10:49:41","slug":"o-nas","status":"publish","type":"page","link":"https:\/\/cerv.gov.sk\/index.php\/o-nas\/","title":{"rendered":"O n\u00e1s"},"content":{"rendered":"\t\t<div data-elementor-type=\"wp-page\" data-elementor-id=\"22\" class=\"elementor elementor-22\">\n\t\t\t\t<div class=\"elementor-element elementor-element-9747516 e-flex e-con-boxed e-con e-parent\" data-id=\"9747516\" data-element_type=\"container\" data-settings=\"{&quot;background_background&quot;:&quot;classic&quot;}\">\n\t\t\t\t\t<div class=\"e-con-inner\">\n\t\t<div class=\"elementor-element elementor-element-b333c17 e-con-full e-flex e-con e-child\" data-id=\"b333c17\" data-element_type=\"container\">\n\t\t\t\t<div class=\"elementor-element elementor-element-ed3b739 elementor-widget elementor-widget-heading\" data-id=\"ed3b739\" data-element_type=\"widget\" data-widget_type=\"heading.default\">\n\t\t\t\t<div class=\"elementor-widget-container\">\n\t\t\t\t\t<h1 class=\"elementor-heading-title elementor-size-default\">O n\u00e1s<\/h1>\t\t\t\t<\/div>\n\t\t\t\t<\/div>\n\t\t\t\t<div class=\"elementor-element elementor-element-3ca422c elementor-widget elementor-widget-text-editor\" data-id=\"3ca422c\" data-element_type=\"widget\" data-widget_type=\"text-editor.default\">\n\t\t\t\t<div class=\"elementor-widget-container\">\n\t\t\t\t\t\t\t\t\t<p><b>N\u00e1rodn\u00fd kontaktn\u00fd bod programu Ob\u010dania, rovnos\u0165, pr\u00e1va a hodnoty (CERV)<\/b><\/p>\t\t\t\t\t\t\t\t<\/div>\n\t\t\t\t<\/div>\n\t\t\t\t<\/div>\n\t\t\t\t\t<\/div>\n\t\t\t\t<\/div>\n\t\t<div class=\"elementor-element elementor-element-lv27tr1 e-flex e-con-boxed e-con e-parent\" data-id=\"lv27tr1\" data-element_type=\"container\" data-settings=\"{&quot;background_background&quot;:&quot;classic&quot;}\">\n\t\t\t\t\t<div class=\"e-con-inner\">\n\t\t<div class=\"elementor-element elementor-element-f9919fd e-con-full e-flex e-con e-child\" data-id=\"f9919fd\" data-element_type=\"container\">\n\t\t<div class=\"elementor-element elementor-element-7ddd0de e-con-full e-flex e-con e-child\" data-id=\"7ddd0de\" data-element_type=\"container\">\n\t\t<div class=\"elementor-element elementor-element-2510334 e-con-full e-flex e-con e-child\" data-id=\"2510334\" data-element_type=\"container\">\n\t\t\t\t<div class=\"elementor-element elementor-element-9af67d8 elementor-widget elementor-widget-heading\" data-id=\"9af67d8\" data-element_type=\"widget\" data-widget_type=\"heading.default\">\n\t\t\t\t<div class=\"elementor-widget-container\">\n\t\t\t\t\t<h6 class=\"elementor-heading-title elementor-size-default\">Kto sme<\/h6>\t\t\t\t<\/div>\n\t\t\t\t<\/div>\n\t\t\t\t<\/div>\n\t\t<div class=\"elementor-element elementor-element-8503d67 e-con-full e-flex e-con e-child\" data-id=\"8503d67\" data-element_type=\"container\">\n\t\t\t\t<div class=\"elementor-element elementor-element-3ad8fc4 elementor-widget__width-initial elementor-widget elementor-widget-heading\" data-id=\"3ad8fc4\" data-element_type=\"widget\" data-widget_type=\"heading.default\">\n\t\t\t\t<div class=\"elementor-widget-container\">\n\t\t\t\t\t<div class=\"elementor-heading-title elementor-size-default\"><b>Sme n\u00e1rodn\u00fd kontaktn\u00fd bod pre program Ob\u010dania, rovnos\u0165, pr\u00e1va a hodnoty (CERV)   <\/b><br><b>a p\u00f4sob\u00edme pod z\u00e1\u0161titou Ministerstva pr\u00e1ce, soci\u00e1lnych vec\u00ed a rodiny SR.<\/b> <\/div>\t\t\t\t<\/div>\n\t\t\t\t<\/div>\n\t\t\t\t<div class=\"elementor-element elementor-element-85ef827 elementor-widget elementor-widget-text-editor\" data-id=\"85ef827\" data-element_type=\"widget\" data-widget_type=\"text-editor.default\">\n\t\t\t\t<div class=\"elementor-widget-container\">\n\t\t\t\t\t\t\t\t\t<p>\u00da\u010delom N\u00e1rodn\u00e9ho kontaktn\u00e9ho bodu SK \u2013 CERV je informova\u0165 o programe CERV 2021-2027 a podporova\u0165 Eur\u00f3psku komisiu a Eur\u00f3psku v\u00fdkonn\u00fa agent\u00faru pre vzdel\u00e1vanie a kult\u00faru pri implement\u00e1cii programu na miestnej, region\u00e1lnej, vn\u00fatro\u0161t\u00e1tnej a nadn\u00e1rodnej \u00farovni.<\/p>\t\t\t\t\t\t\t\t<\/div>\n\t\t\t\t<\/div>\n\t\t\t\t<\/div>\n\t\t\t\t<\/div>\n\t\t<div class=\"elementor-element elementor-element-25529f3 e-con-full e-flex e-con e-child\" data-id=\"25529f3\" data-element_type=\"container\">\n\t\t<div class=\"elementor-element elementor-element-be3dd23 e-con-full e-flex e-con e-child\" data-id=\"be3dd23\" data-element_type=\"container\">\n\t\t\t\t<div class=\"elementor-element elementor-element-05d33f3 elementor-widget elementor-widget-heading\" data-id=\"05d33f3\" data-element_type=\"widget\" data-widget_type=\"heading.default\">\n\t\t\t\t<div class=\"elementor-widget-container\">\n\t\t\t\t\t<h6 class=\"elementor-heading-title elementor-size-default\">Na\u0161a misia<\/h6>\t\t\t\t<\/div>\n\t\t\t\t<\/div>\n\t\t<div class=\"elementor-element elementor-element-385c7a6 e-con-full e-flex e-con e-child\" data-id=\"385c7a6\" data-element_type=\"container\">\n\t\t\t\t<\/div>\n\t\t\t\t<\/div>\n\t\t<div class=\"elementor-element elementor-element-badb0a0 e-con-full e-flex e-con e-child\" data-id=\"badb0a0\" data-element_type=\"container\">\n\t\t\t\t<div class=\"elementor-element elementor-element-4bb72be elementor-widget elementor-widget-heading\" data-id=\"4bb72be\" data-element_type=\"widget\" data-widget_type=\"heading.default\">\n\t\t\t\t<div class=\"elementor-widget-container\">\n\t\t\t\t\t<div class=\"elementor-heading-title elementor-size-default\"><b>Na\u0161ou \u00falohou je poskytova\u0165 odborn\u00fa podporu, inform\u00e1cie a poradenstvo pre projekty zameran\u00e9 na podporu rovnosti, pr\u00e1v a eur\u00f3pskych hodn\u00f4t.<\/b> <\/div>\t\t\t\t<\/div>\n\t\t\t\t<\/div>\n\t\t\t\t<div class=\"elementor-element elementor-element-d6ead44 elementor-widget elementor-widget-text-editor\" data-id=\"d6ead44\" data-element_type=\"widget\" data-widget_type=\"text-editor.default\">\n\t\t\t\t<div class=\"elementor-widget-container\">\n\t\t\t\t\t\t\t\t\t<p>N\u00e1\u0161 t\u00edm V\u00e1s bude sprev\u00e1dza\u0165 jednotliv\u00fdmi krokmi procesu, vr\u00e1tane postupu pod\u00e1vania \u017eiadost\u00ed, \u0161\u00edrenia inform\u00e1ci\u00ed a v\u00fdsledkov programu, ot\u00e1zok pre partnerov, odbornej pr\u00edpravy a in\u00fdch formal\u00edt.<\/p>\t\t\t\t\t\t\t\t<\/div>\n\t\t\t\t<\/div>\n\t\t\t\t<\/div>\n\t\t\t\t<\/div>\n\t\t\t\t<\/div>\n\t\t\t\t\t<\/div>\n\t\t\t\t<\/div>\n\t\t<div class=\"elementor-element elementor-element-2f82e9c e-flex e-con-boxed e-con e-parent\" data-id=\"2f82e9c\" data-element_type=\"container\" data-settings=\"{&quot;background_background&quot;:&quot;classic&quot;}\">\n\t\t\t\t\t<div class=\"e-con-inner\">\n\t\t\t\t<div class=\"elementor-element elementor-element-b90520d elementor-widget-divider--view-line elementor-widget elementor-widget-divider\" data-id=\"b90520d\" data-element_type=\"widget\" data-widget_type=\"divider.default\">\n\t\t\t\t<div class=\"elementor-widget-container\">\n\t\t\t\t\t\t\t<div class=\"elementor-divider\">\n\t\t\t<span class=\"elementor-divider-separator\">\n\t\t\t\t\t\t<\/span>\n\t\t<\/div>\n\t\t\t\t\t\t<\/div>\n\t\t\t\t<\/div>\n\t\t\t\t\t<\/div>\n\t\t\t\t<\/div>\n\t\t<div class=\"elementor-element elementor-element-c1bb357 e-flex e-con-boxed e-con e-parent\" data-id=\"c1bb357\" data-element_type=\"container\" data-settings=\"{&quot;background_background&quot;:&quot;classic&quot;}\">\n\t\t\t\t\t<div class=\"e-con-inner\">\n\t\t<div class=\"elementor-element elementor-element-5777fc5 e-con-full e-flex e-con e-child\" data-id=\"5777fc5\" data-element_type=\"container\">\n\t\t\t\t<div class=\"elementor-element elementor-element-f4e4b3d elementor-widget elementor-widget-heading\" data-id=\"f4e4b3d\" data-element_type=\"widget\" data-widget_type=\"heading.default\">\n\t\t\t\t<div class=\"elementor-widget-container\">\n\t\t\t\t\t<h6 class=\"elementor-heading-title elementor-size-default\">Kontaktujte n\u00e1s<\/h6>\t\t\t\t<\/div>\n\t\t\t\t<\/div>\n\t\t\t\t<\/div>\n\t\t<div class=\"elementor-element elementor-element-3f58c15 e-con-full e-flex e-con e-child\" data-id=\"3f58c15\" data-element_type=\"container\">\n\t\t<div class=\"elementor-element elementor-element-6f680e0 e-con-full e-flex e-con e-child\" data-id=\"6f680e0\" data-element_type=\"container\">\n\t\t\t\t<div class=\"elementor-element elementor-element-08c804d elementor-widget elementor-widget-heading\" data-id=\"08c804d\" data-element_type=\"widget\" data-widget_type=\"heading.default\">\n\t\t\t\t<div class=\"elementor-widget-container\">\n\t\t\t\t\t<div class=\"elementor-heading-title elementor-size-default\">Ak potrebujete pomoc so \u017eiados\u0165ou alebo chcete n\u00e1js\u0165 potenci\u00e1lnych partnerov pre svoj projekt, obr\u00e1\u0165te sa na N\u00e1rodn\u00fd kontaktn\u00fd bod na Slovensku. Radi V\u00e1m pom\u00f4\u017eeme<\/div>\t\t\t\t<\/div>\n\t\t\t\t<\/div>\n\t\t\t\t<\/div>\n\t\t<div class=\"elementor-element elementor-element-d2f2b50 e-con-full e-flex e-con e-child\" data-id=\"d2f2b50\" data-element_type=\"container\">\n\t\t\t\t<div class=\"elementor-element elementor-element-a357726 elementor-widget elementor-widget-text-editor\" data-id=\"a357726\" data-element_type=\"widget\" data-widget_type=\"text-editor.default\">\n\t\t\t\t<div class=\"elementor-widget-container\">\n\t\t\t\t\t\t\t\t\t<p><b>Adresa:<\/b> Nev\u00e4dzov\u00e1 5, 821 01 Bratislava<\/p><p><b>E-mail:<\/b> info-cerv@employment.gov.sk<\/p><p><b>Tel.: <\/b>+421 22 0431 104<\/p>\t\t\t\t\t\t\t\t<\/div>\n\t\t\t\t<\/div>\n\t\t\t\t<\/div>\n\t\t\t\t<\/div>\n\t\t\t\t\t<\/div>\n\t\t\t\t<\/div>\n\t\t<div class=\"elementor-element elementor-element-966c118 e-flex e-con-boxed e-con e-parent\" data-id=\"966c118\" data-element_type=\"container\" data-settings=\"{&quot;background_background&quot;:&quot;classic&quot;}\">\n\t\t\t\t\t<div class=\"e-con-inner\">\n\t\t<div class=\"elementor-element elementor-element-c5d4d36 e-con-full e-flex e-con e-child\" data-id=\"c5d4d36\" data-element_type=\"container\">\n\t\t\t\t<div class=\"elementor-element elementor-element-78906f5 elementor-widget elementor-widget-text-editor\" data-id=\"78906f5\" data-element_type=\"widget\" data-widget_type=\"text-editor.default\">\n\t\t\t\t<div class=\"elementor-widget-container\">\n\t\t\t\t\t\t\t\t\t<p><b>Newsletter<\/b><\/p>\t\t\t\t\t\t\t\t<\/div>\n\t\t\t\t<\/div>\n\t\t\t\t<\/div>\n\t\t<div class=\"elementor-element elementor-element-a008b9b e-con-full e-flex e-con e-child\" data-id=\"a008b9b\" data-element_type=\"container\">\n\t\t\t\t<div class=\"elementor-element elementor-element-00428cb elementor-widget elementor-widget-button\" data-id=\"00428cb\" data-element_type=\"widget\" data-widget_type=\"button.default\">\n\t\t\t\t<div class=\"elementor-widget-container\">\n\t\t\t\t\t\t\t\t\t<div class=\"elementor-button-wrapper\">\n\t\t\t\t\t<a class=\"elementor-button elementor-button-link elementor-size-sm\" href=\"http:\/\/eepurl.com\/iQ54Ks\">\n\t\t\t\t\t\t<span class=\"elementor-button-content-wrapper\">\n\t\t\t\t\t\t\t\t\t<span class=\"elementor-button-text\">Prihl\u00e1ste sa na odber<\/span>\n\t\t\t\t\t<\/span>\n\t\t\t\t\t<\/a>\n\t\t\t\t<\/div>\n\t\t\t\t\t\t\t\t<\/div>\n\t\t\t\t<\/div>\n\t\t\t\t<\/div>\n\t\t\t\t\t<\/div>\n\t\t\t\t<\/div>\n\t\t<div class=\"elementor-element elementor-element-3d74134 e-flex e-con-boxed e-con e-parent\" data-id=\"3d74134\" data-element_type=\"container\" data-settings=\"{&quot;background_background&quot;:&quot;classic&quot;}\">\n\t\t\t\t\t<div class=\"e-con-inner\">\n\t\t\t\t<div class=\"elementor-element elementor-element-484f91b elementor-widget elementor-widget-google_maps\" data-id=\"484f91b\" data-element_type=\"widget\" data-widget_type=\"google_maps.default\">\n\t\t\t\t<div class=\"elementor-widget-container\">\n\t\t\t\t\t\t\t<div class=\"elementor-custom-embed\">\n\t\t\t<iframe loading=\"lazy\"\n\t\t\t\t\tsrc=\"https:\/\/maps.google.com\/maps?q=Nev%C3%A4dzov%C3%A1%205%2C%20821%2001%2C%20Bratislava&#038;t=m&#038;z=12&#038;output=embed&#038;iwloc=near\"\n\t\t\t\t\ttitle=\"Nev\u00e4dzov\u00e1 5, 821 01, Bratislava\"\n\t\t\t\t\taria-label=\"Nev\u00e4dzov\u00e1 5, 821 01, Bratislava\"\n\t\t\t><\/iframe>\n\t\t<\/div>\n\t\t\t\t\t\t<\/div>\n\t\t\t\t<\/div>\n\t\t\t\t\t<\/div>\n\t\t\t\t<\/div>\n\t\t<div class=\"elementor-element elementor-element-8z126ir e-flex e-con-boxed e-con e-parent\" data-id=\"8z126ir\" data-element_type=\"container\" data-settings=\"{&quot;background_background&quot;:&quot;classic&quot;}\">\n\t\t\t\t\t<div class=\"e-con-inner\">\n\t\t<div class=\"elementor-element elementor-element-638a139 e-con-full e-flex e-con e-child\" data-id=\"638a139\" data-element_type=\"container\">\n\t\t\t\t<div class=\"elementor-element elementor-element-410ee7f elementor-widget elementor-widget-heading\" data-id=\"410ee7f\" data-element_type=\"widget\" data-widget_type=\"heading.default\">\n\t\t\t\t<div class=\"elementor-widget-container\">\n\t\t\t\t\t<h2 class=\"elementor-heading-title elementor-size-default\">Spoznajte n\u00e1\u0161 t\u00edm<\/h2>\t\t\t\t<\/div>\n\t\t\t\t<\/div>\n\t\t<div class=\"elementor-element elementor-element-42cf03b e-con-full e-flex e-con e-child\" data-id=\"42cf03b\" data-element_type=\"container\">\n\t\t<div class=\"elementor-element elementor-element-1ee1a83 e-con-full e-flex e-con e-child\" data-id=\"1ee1a83\" data-element_type=\"container\">\n\t\t\t\t<\/div>\n\t\t<div class=\"elementor-element elementor-element-7379659 e-con-full e-flex e-con e-child\" data-id=\"7379659\" data-element_type=\"container\">\n\t\t\t\t<div class=\"elementor-element elementor-element-cbab9d4 elementor-widget__width-initial elementor-widget elementor-widget-image\" data-id=\"cbab9d4\" data-element_type=\"widget\" data-widget_type=\"image.default\">\n\t\t\t\t<div class=\"elementor-widget-container\">\n\t\t\t\t\t\t\t\t\t\t\t\t\t\t\t<img fetchpriority=\"high\" decoding=\"async\" width=\"1440\" height=\"1440\" src=\"https:\/\/cerv.gov.sk\/wp-content\/uploads\/2024\/11\/92483762_10219577550607292_7983386756269473792_n.jpg\" class=\"attachment-full size-full wp-image-542\" alt=\"Obr\u00e1zok - Anna Bo\u0159ikov\u00e1\" srcset=\"https:\/\/cerv.gov.sk\/wp-content\/uploads\/2024\/11\/92483762_10219577550607292_7983386756269473792_n.jpg 1440w, https:\/\/cerv.gov.sk\/wp-content\/uploads\/2024\/11\/92483762_10219577550607292_7983386756269473792_n-300x300.jpg 300w, https:\/\/cerv.gov.sk\/wp-content\/uploads\/2024\/11\/92483762_10219577550607292_7983386756269473792_n-1024x1024.jpg 1024w, https:\/\/cerv.gov.sk\/wp-content\/uploads\/2024\/11\/92483762_10219577550607292_7983386756269473792_n-150x150.jpg 150w, https:\/\/cerv.gov.sk\/wp-content\/uploads\/2024\/11\/92483762_10219577550607292_7983386756269473792_n-768x768.jpg 768w\" sizes=\"(max-width: 1440px) 100vw, 1440px\" \/>\t\t\t\t\t\t\t\t\t\t\t\t\t\t\t<\/div>\n\t\t\t\t<\/div>\n\t\t\t\t<div class=\"elementor-element elementor-element-e11bacb elementor-widget elementor-widget-heading\" data-id=\"e11bacb\" data-element_type=\"widget\" data-widget_type=\"heading.default\">\n\t\t\t\t<div class=\"elementor-widget-container\">\n\t\t\t\t\t<h5 class=\"elementor-heading-title elementor-size-default\">Anna Bo\u0159ikov\u00e1<\/h5>\t\t\t\t<\/div>\n\t\t\t\t<\/div>\n\t\t\t\t<div class=\"elementor-element elementor-element-45641ad elementor-widget elementor-widget-heading\" data-id=\"45641ad\" data-element_type=\"widget\" data-widget_type=\"heading.default\">\n\t\t\t\t<div class=\"elementor-widget-container\">\n\t\t\t\t\t<div class=\"elementor-heading-title elementor-size-default\">Projektov\u00e1 mana\u017e\u00e9rka<\/div>\t\t\t\t<\/div>\n\t\t\t\t<\/div>\n\t\t\t\t<div class=\"elementor-element elementor-element-438901c elementor-grid-1 elementor-grid-mobile-5 e-grid-align-mobile-center elementor-shape-rounded e-grid-align-center elementor-widget elementor-widget-social-icons\" data-id=\"438901c\" data-element_type=\"widget\" data-widget_type=\"social-icons.default\">\n\t\t\t\t<div class=\"elementor-widget-container\">\n\t\t\t\t\t\t\t<div class=\"elementor-social-icons-wrapper elementor-grid\">\n\t\t\t\t\t\t\t<span class=\"elementor-grid-item\">\n\t\t\t\t\t<a class=\"elementor-icon elementor-social-icon elementor-social-icon-linkedin elementor-repeater-item-840c9bf\" href=\"https:\/\/www.linkedin.com\/in\/anna-borikova-73732a86\/\" target=\"_blank\">\n\t\t\t\t\t\t<span class=\"elementor-screen-only\">Linkedin<\/span>\n\t\t\t\t\t\t<svg class=\"e-font-icon-svg e-fab-linkedin\" viewBox=\"0 0 448 512\" xmlns=\"http:\/\/www.w3.org\/2000\/svg\"><path d=\"M416 32H31.9C14.3 32 0 46.5 0 64.3v383.4C0 465.5 14.3 480 31.9 480H416c17.6 0 32-14.5 32-32.3V64.3c0-17.8-14.4-32.3-32-32.3zM135.4 416H69V202.2h66.5V416zm-33.2-243c-21.3 0-38.5-17.3-38.5-38.5S80.9 96 102.2 96c21.2 0 38.5 17.3 38.5 38.5 0 21.3-17.2 38.5-38.5 38.5zm282.1 243h-66.4V312c0-24.8-.5-56.7-34.5-56.7-34.6 0-39.9 27-39.9 54.9V416h-66.4V202.2h63.7v29.2h.9c8.9-16.8 30.6-34.5 62.9-34.5 67.2 0 79.7 44.3 79.7 101.9V416z\"><\/path><\/svg>\t\t\t\t\t<\/a>\n\t\t\t\t<\/span>\n\t\t\t\t\t<\/div>\n\t\t\t\t\t\t<\/div>\n\t\t\t\t<\/div>\n\t\t\t\t<\/div>\n\t\t<div class=\"elementor-element elementor-element-08ce07e e-con-full e-flex e-con e-child\" data-id=\"08ce07e\" data-element_type=\"container\">\n\t\t\t\t<div class=\"elementor-element elementor-element-01980a8 elementor-widget elementor-widget-image\" data-id=\"01980a8\" data-element_type=\"widget\" data-widget_type=\"image.default\">\n\t\t\t\t<div class=\"elementor-widget-container\">\n\t\t\t\t\t\t\t\t\t\t\t\t\t\t\t<img decoding=\"async\" width=\"400\" height=\"400\" src=\"https:\/\/cerv.gov.sk\/wp-content\/uploads\/2024\/11\/Dizajn-bez-nazvu.jpg\" class=\"attachment-full size-full wp-image-850\" alt=\"Obr\u00e1zok - T\u00edmea Cseriov\u00e1\" srcset=\"https:\/\/cerv.gov.sk\/wp-content\/uploads\/2024\/11\/Dizajn-bez-nazvu.jpg 400w, https:\/\/cerv.gov.sk\/wp-content\/uploads\/2024\/11\/Dizajn-bez-nazvu-300x300.jpg 300w, https:\/\/cerv.gov.sk\/wp-content\/uploads\/2024\/11\/Dizajn-bez-nazvu-150x150.jpg 150w\" sizes=\"(max-width: 400px) 100vw, 400px\" \/>\t\t\t\t\t\t\t\t\t\t\t\t\t\t\t<\/div>\n\t\t\t\t<\/div>\n\t\t\t\t<div class=\"elementor-element elementor-element-c0ca0f9 elementor-widget elementor-widget-heading\" data-id=\"c0ca0f9\" data-element_type=\"widget\" data-widget_type=\"heading.default\">\n\t\t\t\t<div class=\"elementor-widget-container\">\n\t\t\t\t\t<h5 class=\"elementor-heading-title elementor-size-default\">T\u00edmea Cseriov\u00e1<\/h5>\t\t\t\t<\/div>\n\t\t\t\t<\/div>\n\t\t\t\t<div class=\"elementor-element elementor-element-b86590f elementor-widget elementor-widget-heading\" data-id=\"b86590f\" data-element_type=\"widget\" data-widget_type=\"heading.default\">\n\t\t\t\t<div class=\"elementor-widget-container\">\n\t\t\t\t\t<div class=\"elementor-heading-title elementor-size-default\">Odborn\u00e1 konzultantka<\/div>\t\t\t\t<\/div>\n\t\t\t\t<\/div>\n\t\t\t\t<div class=\"elementor-element elementor-element-7e18e40 elementor-grid-1 elementor-grid-mobile-5 e-grid-align-mobile-center elementor-shape-rounded e-grid-align-center elementor-widget elementor-widget-social-icons\" data-id=\"7e18e40\" data-element_type=\"widget\" data-widget_type=\"social-icons.default\">\n\t\t\t\t<div class=\"elementor-widget-container\">\n\t\t\t\t\t\t\t<div class=\"elementor-social-icons-wrapper elementor-grid\">\n\t\t\t\t\t\t\t<span class=\"elementor-grid-item\">\n\t\t\t\t\t<a class=\"elementor-icon elementor-social-icon elementor-social-icon-linkedin elementor-repeater-item-7be906b\" href=\"http:\/\/www.linkedin.com\/in\/t\u00edmea-cseriov\u00e1-a9a58984\" target=\"_blank\">\n\t\t\t\t\t\t<span class=\"elementor-screen-only\">Linkedin<\/span>\n\t\t\t\t\t\t<svg class=\"e-font-icon-svg e-fab-linkedin\" viewBox=\"0 0 448 512\" xmlns=\"http:\/\/www.w3.org\/2000\/svg\"><path d=\"M416 32H31.9C14.3 32 0 46.5 0 64.3v383.4C0 465.5 14.3 480 31.9 480H416c17.6 0 32-14.5 32-32.3V64.3c0-17.8-14.4-32.3-32-32.3zM135.4 416H69V202.2h66.5V416zm-33.2-243c-21.3 0-38.5-17.3-38.5-38.5S80.9 96 102.2 96c21.2 0 38.5 17.3 38.5 38.5 0 21.3-17.2 38.5-38.5 38.5zm282.1 243h-66.4V312c0-24.8-.5-56.7-34.5-56.7-34.6 0-39.9 27-39.9 54.9V416h-66.4V202.2h63.7v29.2h.9c8.9-16.8 30.6-34.5 62.9-34.5 67.2 0 79.7 44.3 79.7 101.9V416z\"><\/path><\/svg>\t\t\t\t\t<\/a>\n\t\t\t\t<\/span>\n\t\t\t\t\t<\/div>\n\t\t\t\t\t\t<\/div>\n\t\t\t\t<\/div>\n\t\t\t\t<\/div>\n\t\t\t\t<\/div>\n\t\t\t\t<\/div>\n\t\t\t\t\t<\/div>\n\t\t\t\t<\/div>\n\t\t\t\t<\/div>\n\t\t","protected":false},"excerpt":{"rendered":"<p>O n\u00e1s N\u00e1rodn\u00fd kontaktn\u00fd bod programu Ob\u010dania, rovnos\u0165, pr\u00e1va a hodnoty (CERV) Kto sme Sme n\u00e1rodn\u00fd kontaktn\u00fd bod pre program [&hellip;]<\/p>\n","protected":false},"author":1,"featured_media":0,"parent":0,"menu_order":0,"comment_status":"closed","ping_status":"closed","template":"","meta":{"om_disable_all_campaigns":false,"_monsterinsights_skip_tracking":false,"_monsterinsights_sitenote_active":false,"_monsterinsights_sitenote_note":"","_monsterinsights_sitenote_category":0,"_uf_show_specific_survey":0,"_uf_disable_surveys":false,"site-sidebar-layout":"no-sidebar","site-content-layout":"","ast-site-content-layout":"full-width-container","site-content-style":"default","site-sidebar-style":"default","ast-global-header-display":"","ast-banner-title-visibility":"","ast-main-header-display":"","ast-hfb-above-header-display":"","ast-hfb-below-header-display":"","ast-hfb-mobile-header-display":"","site-post-title":"disabled","ast-breadcrumbs-content":"","ast-featured-img":"disabled","footer-sml-layout":"","theme-transparent-header-meta":"","adv-header-id-meta":"","stick-header-meta":"","header-above-stick-meta":"","header-main-stick-meta":"","header-below-stick-meta":"","astra-migrate-meta-layouts":"default","ast-page-background-enabled":"default","ast-page-background-meta":{"desktop":{"background-color":"var(--ast-global-color-4)","background-image":"","background-repeat":"repeat","background-position":"center center","background-size":"auto","background-attachment":"scroll","background-type":"","background-media":"","overlay-type":"","overlay-color":"","overlay-opacity":"","overlay-gradient":""},"tablet":{"background-color":"","background-image":"","background-repeat":"repeat","background-position":"center center","background-size":"auto","background-attachment":"scroll","background-type":"","background-media":"","overlay-type":"","overlay-color":"","overlay-opacity":"","overlay-gradient":""},"mobile":{"background-color":"","background-image":"","background-repeat":"repeat","background-position":"center center","background-size":"auto","background-attachment":"scroll","background-type":"","background-media":"","overlay-type":"","overlay-color":"","overlay-opacity":"","overlay-gradient":""}},"ast-content-background-meta":{"desktop":{"background-color":"var(--ast-global-color-5)","background-image":"","background-repeat":"repeat","background-position":"center center","background-size":"auto","background-attachment":"scroll","background-type":"","background-media":"","overlay-type":"","overlay-color":"","overlay-opacity":"","overlay-gradient":""},"tablet":{"background-color":"var(--ast-global-color-5)","background-image":"","background-repeat":"repeat","background-position":"center center","background-size":"auto","background-attachment":"scroll","background-type":"","background-media":"","overlay-type":"","overlay-color":"","overlay-opacity":"","overlay-gradient":""},"mobile":{"background-color":"var(--ast-global-color-5)","background-image":"","background-repeat":"repeat","background-position":"center center","background-size":"auto","background-attachment":"scroll","background-type":"","background-media":"","overlay-type":"","overlay-color":"","overlay-opacity":"","overlay-gradient":""}},"footnotes":""},"class_list":["post-22","page","type-page","status-publish","hentry"],"aioseo_notices":[],"_links":{"self":[{"href":"https:\/\/cerv.gov.sk\/index.php\/wp-json\/wp\/v2\/pages\/22","targetHints":{"allow":["GET"]}}],"collection":[{"href":"https:\/\/cerv.gov.sk\/index.php\/wp-json\/wp\/v2\/pages"}],"about":[{"href":"https:\/\/cerv.gov.sk\/index.php\/wp-json\/wp\/v2\/types\/page"}],"author":[{"embeddable":true,"href":"https:\/\/cerv.gov.sk\/index.php\/wp-json\/wp\/v2\/users\/1"}],"replies":[{"embeddable":true,"href":"https:\/\/cerv.gov.sk\/index.php\/wp-json\/wp\/v2\/comments?post=22"}],"version-history":[{"count":91,"href":"https:\/\/cerv.gov.sk\/index.php\/wp-json\/wp\/v2\/pages\/22\/revisions"}],"predecessor-version":[{"id":3104,"href":"https:\/\/cerv.gov.sk\/index.php\/wp-json\/wp\/v2\/pages\/22\/revisions\/3104"}],"wp:attachment":[{"href":"https:\/\/cerv.gov.sk\/index.php\/wp-json\/wp\/v2\/media?parent=22"}],"curies":[{"name":"wp","href":"https:\/\/api.w.org\/{rel}","templated":true}]}}