{"id":12,"date":"2024-09-12T12:06:47","date_gmt":"2024-09-12T10:06:47","guid":{"rendered":"https:\/\/cerv.gov.sk\/?page_id=12"},"modified":"2025-08-14T13:02:35","modified_gmt":"2025-08-14T11:02:35","slug":"o-programe","status":"publish","type":"page","link":"https:\/\/cerv.gov.sk\/index.php\/o-programe\/","title":{"rendered":"O programe"},"content":{"rendered":"\t\t<div data-elementor-type=\"wp-page\" data-elementor-id=\"12\" class=\"elementor elementor-12\">\n\t\t\t\t<div class=\"elementor-element elementor-element-b4a5403 e-flex e-con-boxed e-con e-parent\" data-id=\"b4a5403\" data-element_type=\"container\" data-settings=\"{&quot;background_background&quot;:&quot;classic&quot;}\">\n\t\t\t\t\t<div class=\"e-con-inner\">\n\t\t<div class=\"elementor-element elementor-element-3dbee1d e-con-full e-flex e-con e-child\" data-id=\"3dbee1d\" data-element_type=\"container\">\n\t\t\t\t<div class=\"elementor-element elementor-element-ef7348c elementor-widget elementor-widget-heading\" data-id=\"ef7348c\" data-element_type=\"widget\" data-widget_type=\"heading.default\">\n\t\t\t\t<div class=\"elementor-widget-container\">\n\t\t\t\t\t<h1 class=\"elementor-heading-title elementor-size-default\">O programe<\/h1>\t\t\t\t<\/div>\n\t\t\t\t<\/div>\n\t\t\t\t<div class=\"elementor-element elementor-element-105a898 elementor-widget elementor-widget-text-editor\" data-id=\"105a898\" data-element_type=\"widget\" data-widget_type=\"text-editor.default\">\n\t\t\t\t<div class=\"elementor-widget-container\">\n\t\t\t\t\t\t\t\t\t<p>Program \u201eOb\u010dania, rovnos\u0165, pr\u00e1va a hodnoty\u201c (CERV) je 7-ro\u010dn\u00fd program Eur\u00f3pskej komisie, vytvoren\u00fd spolu s programom Spravodlivos\u0165 na obdobie 2021 &#8211; 2027 v r\u00e1mci Fondu pre spravodlivos\u0165, pr\u00e1va a hodnoty a je v\u00fdsledkom zl\u00fa\u010denia programov \u201eEur\u00f3pa pre ob\u010danov\u201c a \u201eRovnos\u0165, pr\u00e1va a ob\u010dianstvo\u201c.<\/p>\t\t\t\t\t\t\t\t<\/div>\n\t\t\t\t<\/div>\n\t\t\t\t<\/div>\n\t\t\t\t\t<\/div>\n\t\t\t\t<\/div>\n\t\t<div class=\"elementor-element elementor-element-00cfa21 e-flex e-con-boxed e-con e-parent\" data-id=\"00cfa21\" data-element_type=\"container\" data-settings=\"{&quot;background_background&quot;:&quot;classic&quot;}\">\n\t\t\t\t\t<div class=\"e-con-inner\">\n\t\t\t\t<div class=\"elementor-element elementor-element-d2d0b79 elementor-widget elementor-widget-video\" data-id=\"d2d0b79\" data-element_type=\"widget\" data-settings=\"{&quot;youtube_url&quot;:&quot;https:\\\/\\\/www.youtube.com\\\/watch?v=mK9qm9pzoc0&amp;list=PLK3yPgVWaaEr3bLPe_EX9rPU7CDJVQ5LG&quot;,&quot;show_image_overlay&quot;:&quot;yes&quot;,&quot;image_overlay&quot;:{&quot;url&quot;:&quot;https:\\\/\\\/cerv.gov.sk\\\/wp-content\\\/uploads\\\/2025\\\/01\\\/Snimka-obrazovky-2025-01-10-141007.png&quot;,&quot;id&quot;:1882,&quot;size&quot;:&quot;&quot;,&quot;alt&quot;:&quot;&quot;,&quot;source&quot;:&quot;library&quot;},&quot;start&quot;:1,&quot;video_type&quot;:&quot;youtube&quot;,&quot;controls&quot;:&quot;yes&quot;}\" data-widget_type=\"video.default\">\n\t\t\t\t<div class=\"elementor-widget-container\">\n\t\t\t\t\t\t\t<div class=\"elementor-wrapper elementor-open-inline\">\n\t\t\t<div class=\"elementor-video\"><\/div>\t\t\t\t<div class=\"elementor-custom-embed-image-overlay\" style=\"background-image: url(https:\/\/cerv.gov.sk\/wp-content\/uploads\/2025\/01\/Snimka-obrazovky-2025-01-10-141007.png);\">\n\t\t\t\t\t\t\t\t\t\t\t\t\t\t\t\t<div class=\"elementor-custom-embed-play\" role=\"button\" aria-label=\"Prehra\u0165 video\" tabindex=\"0\">\n\t\t\t\t\t\t\t<svg aria-hidden=\"true\" class=\"e-font-icon-svg e-fas-play-circle\" viewBox=\"0 0 512 512\" xmlns=\"http:\/\/www.w3.org\/2000\/svg\"><path d=\"M256 8C119 8 8 119 8 256s111 248 248 248 248-111 248-248S393 8 256 8zm115.7 272l-176 101c-15.8 8.8-35.7-2.5-35.7-21V152c0-18.4 19.8-29.8 35.7-21l176 107c16.4 9.2 16.4 32.9 0 42z\"><\/path><\/svg>\t\t\t\t\t\t<\/div>\n\t\t\t\t\t\t\t\t\t<\/div>\n\t\t\t\t\t<\/div>\n\t\t\t\t\t\t<\/div>\n\t\t\t\t<\/div>\n\t\t\t\t\t<\/div>\n\t\t\t\t<\/div>\n\t\t<div class=\"elementor-element elementor-element-b92dd63 e-flex e-con-boxed e-con e-parent\" data-id=\"b92dd63\" data-element_type=\"container\" data-settings=\"{&quot;background_background&quot;:&quot;classic&quot;}\">\n\t\t\t\t\t<div class=\"e-con-inner\">\n\t\t<div class=\"elementor-element elementor-element-07f01e1 e-con-full e-flex e-con e-child\" data-id=\"07f01e1\" data-element_type=\"container\">\n\t\t<div class=\"elementor-element elementor-element-41d85ae e-con-full e-flex e-con e-child\" data-id=\"41d85ae\" data-element_type=\"container\">\n\t\t\t\t<div class=\"elementor-element elementor-element-eccf525 animated-fast elementor-invisible elementor-widget elementor-widget-heading\" data-id=\"eccf525\" data-element_type=\"widget\" data-settings=\"{&quot;_animation&quot;:&quot;fadeInLeft&quot;,&quot;_animation_delay&quot;:700}\" data-widget_type=\"heading.default\">\n\t\t\t\t<div class=\"elementor-widget-container\">\n\t\t\t\t\t<span class=\"elementor-heading-title elementor-size-default\">Citizens<\/span>\t\t\t\t<\/div>\n\t\t\t\t<\/div>\n\t\t\t\t<div class=\"elementor-element elementor-element-82540c0 elementor-widget__width-initial elementor-widget-mobile__width-initial elementor-invisible elementor-widget elementor-widget-image\" data-id=\"82540c0\" data-element_type=\"widget\" data-settings=\"{&quot;_animation&quot;:&quot;rotateInUpRight&quot;,&quot;_animation_delay&quot;:700}\" data-widget_type=\"image.default\">\n\t\t\t\t<div class=\"elementor-widget-container\">\n\t\t\t\t\t\t\t\t\t\t\t\t\t\t\t<img fetchpriority=\"high\" decoding=\"async\" width=\"508\" height=\"284\" src=\"https:\/\/cerv.gov.sk\/wp-content\/uploads\/2024\/09\/Citizens.png\" class=\"attachment-large size-large wp-image-231\" alt=\"Ilustra\u010dn\u00fd obr\u00e1zok - die\u0165a\" srcset=\"https:\/\/cerv.gov.sk\/wp-content\/uploads\/2024\/09\/Citizens.png 508w, https:\/\/cerv.gov.sk\/wp-content\/uploads\/2024\/09\/Citizens-300x168.png 300w\" sizes=\"(max-width: 508px) 100vw, 508px\" \/>\t\t\t\t\t\t\t\t\t\t\t\t\t\t\t<\/div>\n\t\t\t\t<\/div>\n\t\t\t\t<div class=\"elementor-element elementor-element-e8b3c57 elementor-hidden-mobile elementor-invisible elementor-widget elementor-widget-heading\" data-id=\"e8b3c57\" data-element_type=\"widget\" data-settings=\"{&quot;_animation&quot;:&quot;fadeIn&quot;}\" data-widget_type=\"heading.default\">\n\t\t\t\t<div class=\"elementor-widget-container\">\n\t\t\t\t\t<span class=\"elementor-heading-title elementor-size-default\">,<\/span>\t\t\t\t<\/div>\n\t\t\t\t<\/div>\n\t\t\t\t<\/div>\n\t\t<div class=\"elementor-element elementor-element-b7de9c5 e-con-full e-flex e-con e-child\" data-id=\"b7de9c5\" data-element_type=\"container\">\n\t\t\t\t<div class=\"elementor-element elementor-element-658cbc6 elementor-widget__width-initial elementor-widget-mobile__width-initial animated-fast elementor-invisible elementor-widget elementor-widget-image\" data-id=\"658cbc6\" data-element_type=\"widget\" data-settings=\"{&quot;_animation&quot;:&quot;fadeInLeft&quot;,&quot;_animation_delay&quot;:1000}\" data-widget_type=\"image.default\">\n\t\t\t\t<div class=\"elementor-widget-container\">\n\t\t\t\t\t\t\t\t\t\t\t\t\t\t\t<img decoding=\"async\" width=\"394\" height=\"162\" src=\"https:\/\/cerv.gov.sk\/wp-content\/uploads\/2024\/09\/Equality.png\" class=\"attachment-large size-large wp-image-232\" alt=\"Ilustra\u010dn\u00fd obr\u00e1zok - chlapec\" srcset=\"https:\/\/cerv.gov.sk\/wp-content\/uploads\/2024\/09\/Equality.png 394w, https:\/\/cerv.gov.sk\/wp-content\/uploads\/2024\/09\/Equality-300x123.png 300w\" sizes=\"(max-width: 394px) 100vw, 394px\" \/>\t\t\t\t\t\t\t\t\t\t\t\t\t\t\t<\/div>\n\t\t\t\t<\/div>\n\t\t\t\t<div class=\"elementor-element elementor-element-e0e1602 animated-fast elementor-invisible elementor-widget elementor-widget-heading\" data-id=\"e0e1602\" data-element_type=\"widget\" data-settings=\"{&quot;_animation&quot;:&quot;fadeInRight&quot;,&quot;_animation_delay&quot;:1000}\" data-widget_type=\"heading.default\">\n\t\t\t\t<div class=\"elementor-widget-container\">\n\t\t\t\t\t<span class=\"elementor-heading-title elementor-size-default\">Equality,<\/span>\t\t\t\t<\/div>\n\t\t\t\t<\/div>\n\t\t\t\t<\/div>\n\t\t<div class=\"elementor-element elementor-element-4a3c35d e-con-full e-flex e-con e-child\" data-id=\"4a3c35d\" data-element_type=\"container\">\n\t\t\t\t<div class=\"elementor-element elementor-element-b78ab66 elementor-widget-mobile__width-inherit animated-fast elementor-invisible elementor-widget elementor-widget-heading\" data-id=\"b78ab66\" data-element_type=\"widget\" data-settings=\"{&quot;_animation&quot;:&quot;fadeInLeft&quot;,&quot;_animation_delay&quot;:1100}\" data-widget_type=\"heading.default\">\n\t\t\t\t<div class=\"elementor-widget-container\">\n\t\t\t\t\t<span class=\"elementor-heading-title elementor-size-default\">Rights<\/span>\t\t\t\t<\/div>\n\t\t\t\t<\/div>\n\t\t\t\t<div class=\"elementor-element elementor-element-065213f elementor-widget__width-initial animated-fast elementor-invisible elementor-widget elementor-widget-image\" data-id=\"065213f\" data-element_type=\"widget\" data-settings=\"{&quot;_animation&quot;:&quot;fadeInRight&quot;,&quot;_animation_delay&quot;:1100}\" data-widget_type=\"image.default\">\n\t\t\t\t<div class=\"elementor-widget-container\">\n\t\t\t\t\t\t\t\t\t\t\t\t\t\t\t<img decoding=\"async\" width=\"336\" height=\"184\" src=\"https:\/\/cerv.gov.sk\/wp-content\/uploads\/2024\/09\/Rights.png\" class=\"attachment-large size-large wp-image-233\" alt=\"Ilustra\u010dn\u00fd obr\u00e1zok - vlajka E\u00da\" srcset=\"https:\/\/cerv.gov.sk\/wp-content\/uploads\/2024\/09\/Rights.png 336w, https:\/\/cerv.gov.sk\/wp-content\/uploads\/2024\/09\/Rights-300x164.png 300w\" sizes=\"(max-width: 336px) 100vw, 336px\" \/>\t\t\t\t\t\t\t\t\t\t\t\t\t\t\t<\/div>\n\t\t\t\t<\/div>\n\t\t\t\t<\/div>\n\t\t<div class=\"elementor-element elementor-element-b0484bc e-con-full e-flex e-con e-child\" data-id=\"b0484bc\" data-element_type=\"container\">\n\t\t\t\t<div class=\"elementor-element elementor-element-52d34c9 elementor-widget__width-initial animated-fast elementor-invisible elementor-widget elementor-widget-image\" data-id=\"52d34c9\" data-element_type=\"widget\" data-settings=\"{&quot;_animation&quot;:&quot;fadeInLeft&quot;,&quot;_animation_delay&quot;:1200}\" data-widget_type=\"image.default\">\n\t\t\t\t<div class=\"elementor-widget-container\">\n\t\t\t\t\t\t\t\t\t\t\t\t\t\t\t<img loading=\"lazy\" decoding=\"async\" width=\"544\" height=\"172\" src=\"https:\/\/cerv.gov.sk\/wp-content\/uploads\/2024\/09\/Values.png\" class=\"attachment-large size-large wp-image-234\" alt=\"Ilustra\u010dn\u00fd obr\u00e1zok - \u017eeny\" srcset=\"https:\/\/cerv.gov.sk\/wp-content\/uploads\/2024\/09\/Values.png 544w, https:\/\/cerv.gov.sk\/wp-content\/uploads\/2024\/09\/Values-300x95.png 300w\" sizes=\"(max-width: 544px) 100vw, 544px\" \/>\t\t\t\t\t\t\t\t\t\t\t\t\t\t\t<\/div>\n\t\t\t\t<\/div>\n\t\t\t\t<div class=\"elementor-element elementor-element-a87e771 animated-fast elementor-invisible elementor-widget elementor-widget-heading\" data-id=\"a87e771\" data-element_type=\"widget\" data-settings=\"{&quot;_animation&quot;:&quot;fadeInRight&quot;,&quot;_animation_delay&quot;:1200}\" data-widget_type=\"heading.default\">\n\t\t\t\t<div class=\"elementor-widget-container\">\n\t\t\t\t\t<span class=\"elementor-heading-title elementor-size-default\">and Values<\/span>\t\t\t\t<\/div>\n\t\t\t\t<\/div>\n\t\t\t\t<\/div>\n\t\t\t\t<\/div>\n\t\t\t\t\t<\/div>\n\t\t\t\t<\/div>\n\t\t<div class=\"elementor-element elementor-element-cc48598 e-flex e-con-boxed e-con e-parent\" data-id=\"cc48598\" data-element_type=\"container\" data-settings=\"{&quot;background_background&quot;:&quot;classic&quot;}\">\n\t\t\t\t\t<div class=\"e-con-inner\">\n\t\t\t\t<div class=\"elementor-element elementor-element-ac736ef elementor-widget elementor-widget-heading\" data-id=\"ac736ef\" data-element_type=\"widget\" data-widget_type=\"heading.default\">\n\t\t\t\t<div class=\"elementor-widget-container\">\n\t\t\t\t\t<h2 class=\"elementor-heading-title elementor-size-default\">Ob\u010dania, rovnos\u0165, pr\u00e1va a hodnoty (CERV)<\/h2>\t\t\t\t<\/div>\n\t\t\t\t<\/div>\n\t\t\t\t\t<\/div>\n\t\t\t\t<\/div>\n\t\t<div class=\"elementor-element elementor-element-a338159 e-flex e-con-boxed e-con e-parent\" data-id=\"a338159\" data-element_type=\"container\" data-settings=\"{&quot;background_background&quot;:&quot;classic&quot;}\">\n\t\t\t\t\t<div class=\"e-con-inner\">\n\t\t\t\t<div class=\"elementor-element elementor-element-7329259 elementor-widget elementor-widget-text-editor\" data-id=\"7329259\" data-element_type=\"widget\" data-widget_type=\"text-editor.default\">\n\t\t\t\t<div class=\"elementor-widget-container\">\n\t\t\t\t\t\t\t\t\t<p>Je program financovania E\u00da, ktor\u00fd podporuje organiz\u00e1cie a sna\u017e\u00ed sa zmeni\u0165 \u017eivoty \u013eud\u00ed. Jeho v\u00fdzvy s\u00fa ur\u010den\u00e9 neziskov\u00fdm organiz\u00e1ci\u00e1m, samospr\u00e1vam a verejn\u00fdm in\u0161tit\u00faci\u00e1m. Program financuje projekty a organiz\u00e1cie, ktor\u00e9 podporuj\u00fa rozmanitos\u0165 a ob\u010dianske pr\u00e1va, boj proti rodovo podmienen\u00e9mu n\u00e1siliu a \u00fa\u010das\u0165 \u013eud\u00ed na demokratick\u00fdch procesoch. Finan\u010dn\u00e9 prostriedky E\u00da m\u00f4\u017eu z\u00edska\u0165 tie\u017e projekty, ktor\u00e9 sa t\u00fdkaj\u00fa pripom\u00ednania v\u00fdznamn\u00fdch udalost\u00ed v ned\u00e1vnej eur\u00f3pskej hist\u00f3rii.<\/p>\t\t\t\t\t\t\t\t<\/div>\n\t\t\t\t<\/div>\n\t\t\t\t\t<\/div>\n\t\t\t\t<\/div>\n\t\t<div class=\"elementor-element elementor-element-d9f0e97 e-flex e-con-boxed e-con e-parent\" data-id=\"d9f0e97\" data-element_type=\"container\" data-settings=\"{&quot;background_background&quot;:&quot;classic&quot;}\">\n\t\t\t\t\t<div class=\"e-con-inner\">\n\t\t\t\t<div class=\"elementor-element elementor-element-2d92c9d elementor-widget elementor-widget-heading\" data-id=\"2d92c9d\" data-element_type=\"widget\" data-widget_type=\"heading.default\">\n\t\t\t\t<div class=\"elementor-widget-container\">\n\t\t\t\t\t<h2 class=\"elementor-heading-title elementor-size-default\">Hlavn\u00e9 ciele programu<\/h2>\t\t\t\t<\/div>\n\t\t\t\t<\/div>\n\t\t\t\t\t<\/div>\n\t\t\t\t<\/div>\n\t\t<div class=\"elementor-element elementor-element-5e1ef4e e-flex e-con-boxed e-con e-parent\" data-id=\"5e1ef4e\" data-element_type=\"container\" data-settings=\"{&quot;background_background&quot;:&quot;classic&quot;}\">\n\t\t\t\t\t<div class=\"e-con-inner\">\n\t\t\t\t<div class=\"elementor-element elementor-element-cd7c32e elementor-widget elementor-widget-text-editor\" data-id=\"cd7c32e\" data-element_type=\"widget\" data-widget_type=\"text-editor.default\">\n\t\t\t\t<div class=\"elementor-widget-container\">\n\t\t\t\t\t\t\t\t\t<p>Cie\u013eom programu CERV je obhajova\u0165 a\u00a0 presadzova\u0165 pr\u00e1va a hodnoty stanoven\u00e9 v zmluv\u00e1ch E\u00da, Charte z\u00e1kladn\u00fdch pr\u00e1v Eur\u00f3pskej \u00fanie a r\u00f4znych medzin\u00e1rodn\u00fdch dohod\u00e1ch o \u013eudsk\u00fdch pr\u00e1vach.\u00a0<\/p><p>CERV podporuje otvoren\u00e9, spravodliv\u00e9 a inkluz\u00edvne spolo\u010dnosti zalo\u017een\u00e9 na princ\u00edpoch pr\u00e1vneho \u0161t\u00e1tu. Presadzuje akt\u00edvnu a siln\u00fa anga\u017eovanos\u0165 komun\u00edt od miestnej a\u017e po nadn\u00e1rodn\u00fa \u00farove\u0148 a povzbudzuje \u013eud\u00ed k \u00fa\u010dasti na demokracii, spolo\u010dnosti a soci\u00e1lnych aktivit\u00e1ch.<\/p><p>Program CERV za\u010dal v roku 2021 a bude trva\u0165 do konca roka 2027.<\/p>\t\t\t\t\t\t\t\t<\/div>\n\t\t\t\t<\/div>\n\t\t\t\t\t<\/div>\n\t\t\t\t<\/div>\n\t\t<div class=\"elementor-element elementor-element-9b3446b e-flex e-con-boxed e-con e-parent\" data-id=\"9b3446b\" data-element_type=\"container\" data-settings=\"{&quot;background_background&quot;:&quot;classic&quot;}\">\n\t\t\t\t\t<div class=\"e-con-inner\">\n\t\t\t\t<div class=\"elementor-element elementor-element-17e455b elementor-widget elementor-widget-heading\" data-id=\"17e455b\" data-element_type=\"widget\" data-widget_type=\"heading.default\">\n\t\t\t\t<div class=\"elementor-widget-container\">\n\t\t\t\t\t<h2 class=\"elementor-heading-title elementor-size-default\">Piliere programu CERV<\/h2>\t\t\t\t<\/div>\n\t\t\t\t<\/div>\n\t\t\t\t\t<\/div>\n\t\t\t\t<\/div>\n\t\t<div class=\"elementor-element elementor-element-9d10d35 e-flex e-con-boxed e-con e-parent\" data-id=\"9d10d35\" data-element_type=\"container\" data-settings=\"{&quot;background_background&quot;:&quot;classic&quot;}\">\n\t\t\t\t\t<div class=\"e-con-inner\">\n\t\t\t\t<div class=\"elementor-element elementor-element-135d295 elementor-widget elementor-widget-text-editor\" data-id=\"135d295\" data-element_type=\"widget\" data-widget_type=\"text-editor.default\">\n\t\t\t\t<div class=\"elementor-widget-container\">\n\t\t\t\t\t\t\t\t\t<ul><li><strong>Hodnoty \u00danie:<\/strong> ochrana a podpora hodn\u00f4t \u00danie, demokracie a solidarity medzi ob\u010danmi<\/li><li><strong>Rovnos\u0165 \u2013 pr\u00e1va \u2013 rodov\u00e1 rovnos\u0165:<\/strong> podpora rodovej rovnosti, boj proti nerovnosti, diskrimin\u00e1cii, rasizmu, xenof\u00f3bii, nezn\u00e1\u0161anlivosti, ochrana a podpora pr\u00e1v die\u0165a\u0165a a pr\u00e1v os\u00f4b so zdravotn\u00fdm postihnut\u00edm<\/li><li><strong>Anga\u017eovanos\u0165 a \u00fa\u010das\u0165 ob\u010danov:<\/strong> podpora \u00fa\u010dasti na demokratickom a ob\u010dianskom \u017eivote \u00danie, podpora v\u00fdmen medzi ob\u010danmi r\u00f4znych kraj\u00edn a pripom\u00ednanie si v\u00fdznamn\u00fdch udalost\u00ed v hist\u00f3rii E\u00da<\/li><li><strong>Daphne:<\/strong> boj proti rodovo podmienen\u00e9mu n\u00e1siliu na \u017een\u00e1ch a de\u0165och, ako aj proti v\u0161etk\u00fdm form\u00e1m n\u00e1silia na de\u0165och a in\u00fdch ohrozen\u00fdch skupin\u00e1ch.<\/li><\/ul>\t\t\t\t\t\t\t\t<\/div>\n\t\t\t\t<\/div>\n\t\t\t\t\t<\/div>\n\t\t\t\t<\/div>\n\t\t<div class=\"elementor-element elementor-element-d8f840c e-flex e-con-boxed e-con e-parent\" data-id=\"d8f840c\" data-element_type=\"container\" data-settings=\"{&quot;background_background&quot;:&quot;classic&quot;}\">\n\t\t\t\t\t<div class=\"e-con-inner\">\n\t\t\t\t<div class=\"elementor-element elementor-element-f4058ea elementor-widget elementor-widget-heading\" data-id=\"f4058ea\" data-element_type=\"widget\" data-widget_type=\"heading.default\">\n\t\t\t\t<div class=\"elementor-widget-container\">\n\t\t\t\t\t<h2 class=\"elementor-heading-title elementor-size-default\">KTO sa m\u00f4\u017ee prihl\u00e1si\u0165<\/h2>\t\t\t\t<\/div>\n\t\t\t\t<\/div>\n\t\t\t\t\t<\/div>\n\t\t\t\t<\/div>\n\t\t<div class=\"elementor-element elementor-element-41e1080 e-flex e-con-boxed e-con e-parent\" data-id=\"41e1080\" data-element_type=\"container\" data-settings=\"{&quot;background_background&quot;:&quot;classic&quot;}\">\n\t\t\t\t\t<div class=\"e-con-inner\">\n\t\t\t\t<div class=\"elementor-element elementor-element-75e4938 elementor-widget elementor-widget-text-editor\" data-id=\"75e4938\" data-element_type=\"widget\" data-widget_type=\"text-editor.default\">\n\t\t\t\t<div class=\"elementor-widget-container\">\n\t\t\t\t\t\t\t\t\t<ul><li>organiz\u00e1cie ob\u010dianskej spolo\u010dnosti p\u00f4sobiace na miestnej, region\u00e1lnej, n\u00e1rodnej a nadn\u00e1rodnej \u00farovni<\/li><li>eur\u00f3pske siete (nadn\u00e1rodn\u00e9 organiz\u00e1cie)<\/li><li>org\u00e1ny verejnej spr\u00e1vy (vr\u00e1tane org\u00e1nov pre rovnos\u0165 a \u013eudsk\u00e9 pr\u00e1va)<\/li><li>n\u00e1rodn\u00e9, region\u00e1lne a miestne org\u00e1ny (vr\u00e1tane miest a obc\u00ed)<\/li><li>akademick\u00e1 obec\/v\u00fdskumn\u00e9 \u00fastavy<\/li><li>think tanky (zoskupenia expertov)<\/li><li>s\u00fadne org\u00e1ny<\/li><li>medzin\u00e1rodn\u00e9 organiz\u00e1cie a in\u00e9 zainteresovan\u00e9 strany akt\u00edvne pri presadzovan\u00ed hodn\u00f4t a pr\u00e1v E\u00da<\/li><\/ul>\t\t\t\t\t\t\t\t<\/div>\n\t\t\t\t<\/div>\n\t\t\t\t\t<\/div>\n\t\t\t\t<\/div>\n\t\t<div class=\"elementor-element elementor-element-f5af568 e-flex e-con-boxed e-con e-parent\" data-id=\"f5af568\" data-element_type=\"container\" data-settings=\"{&quot;background_background&quot;:&quot;classic&quot;}\">\n\t\t\t\t\t<div class=\"e-con-inner\">\n\t\t\t\t<div class=\"elementor-element elementor-element-35e633c elementor-widget elementor-widget-heading\" data-id=\"35e633c\" data-element_type=\"widget\" data-widget_type=\"heading.default\">\n\t\t\t\t<div class=\"elementor-widget-container\">\n\t\t\t\t\t<h2 class=\"elementor-heading-title elementor-size-default\">AKO sa prihl\u00e1si\u0165<\/h2>\t\t\t\t<\/div>\n\t\t\t\t<\/div>\n\t\t\t\t\t<\/div>\n\t\t\t\t<\/div>\n\t\t<div class=\"elementor-element elementor-element-8c4f951 e-flex e-con-boxed e-con e-parent\" data-id=\"8c4f951\" data-element_type=\"container\" data-settings=\"{&quot;background_background&quot;:&quot;classic&quot;}\">\n\t\t\t\t\t<div class=\"e-con-inner\">\n\t\t\t\t<div class=\"elementor-element elementor-element-51817ae elementor-widget elementor-widget-text-editor\" data-id=\"51817ae\" data-element_type=\"widget\" data-widget_type=\"text-editor.default\">\n\t\t\t\t<div class=\"elementor-widget-container\">\n\t\t\t\t\t\t\t\t\t<p>Na Port\u00e1li Eur\u00f3pskej komisie EU\u00a0 pre financovanie a verejn\u00e9 s\u00fa\u0165a\u017ee E\u00da\u00a0 EU <a href=\"https:\/\/ec.europa.eu\/info\/funding-tenders\/opportunities\/portal\/screen\/home\">Funding &amp; Tenders Portal<\/a> n\u00e1jdete v\u00fdzvy na predkladanie n\u00e1vrhov v r\u00e1mci \u0161tyroch oblast\u00ed, ich priority a pravidl\u00e1 pod\u00e1vania \u017eiadost\u00ed<span style=\"color: #01004c;\"><span style=\"font-weight: 400;\">.<\/span><\/span><\/p>\t\t\t\t\t\t\t\t<\/div>\n\t\t\t\t<\/div>\n\t\t\t\t\t<\/div>\n\t\t\t\t<\/div>\n\t\t\t\t<\/div>\n\t\t","protected":false},"excerpt":{"rendered":"<p>O programe Program \u201eOb\u010dania, rovnos\u0165, pr\u00e1va a hodnoty\u201c (CERV) je 7-ro\u010dn\u00fd program Eur\u00f3pskej komisie, vytvoren\u00fd spolu s programom Spravodlivos\u0165 na [&hellip;]<\/p>\n","protected":false},"author":1,"featured_media":0,"parent":0,"menu_order":0,"comment_status":"closed","ping_status":"closed","template":"","meta":{"om_disable_all_campaigns":false,"_monsterinsights_skip_tracking":false,"_monsterinsights_sitenote_active":false,"_monsterinsights_sitenote_note":"","_monsterinsights_sitenote_category":0,"_uf_show_specific_survey":0,"_uf_disable_surveys":false,"site-sidebar-layout":"no-sidebar","site-content-layout":"","ast-site-content-layout":"full-width-container","site-content-style":"default","site-sidebar-style":"default","ast-global-header-display":"","ast-banner-title-visibility":"","ast-main-header-display":"","ast-hfb-above-header-display":"","ast-hfb-below-header-display":"","ast-hfb-mobile-header-display":"","site-post-title":"disabled","ast-breadcrumbs-content":"","ast-featured-img":"disabled","footer-sml-layout":"","theme-transparent-header-meta":"","adv-header-id-meta":"","stick-header-meta":"","header-above-stick-meta":"","header-main-stick-meta":"","header-below-stick-meta":"","astra-migrate-meta-layouts":"default","ast-page-background-enabled":"default","ast-page-background-meta":{"desktop":{"background-color":"var(--ast-global-color-4)","background-image":"","background-repeat":"repeat","background-position":"center center","background-size":"auto","background-attachment":"scroll","background-type":"","background-media":"","overlay-type":"","overlay-color":"","overlay-opacity":"","overlay-gradient":""},"tablet":{"background-color":"","background-image":"","background-repeat":"repeat","background-position":"center center","background-size":"auto","background-attachment":"scroll","background-type":"","background-media":"","overlay-type":"","overlay-color":"","overlay-opacity":"","overlay-gradient":""},"mobile":{"background-color":"","background-image":"","background-repeat":"repeat","background-position":"center center","background-size":"auto","background-attachment":"scroll","background-type":"","background-media":"","overlay-type":"","overlay-color":"","overlay-opacity":"","overlay-gradient":""}},"ast-content-background-meta":{"desktop":{"background-color":"var(--ast-global-color-5)","background-image":"","background-repeat":"repeat","background-position":"center center","background-size":"auto","background-attachment":"scroll","background-type":"","background-media":"","overlay-type":"","overlay-color":"","overlay-opacity":"","overlay-gradient":""},"tablet":{"background-color":"var(--ast-global-color-5)","background-image":"","background-repeat":"repeat","background-position":"center center","background-size":"auto","background-attachment":"scroll","background-type":"","background-media":"","overlay-type":"","overlay-color":"","overlay-opacity":"","overlay-gradient":""},"mobile":{"background-color":"var(--ast-global-color-5)","background-image":"","background-repeat":"repeat","background-position":"center center","background-size":"auto","background-attachment":"scroll","background-type":"","background-media":"","overlay-type":"","overlay-color":"","overlay-opacity":"","overlay-gradient":""}},"footnotes":""},"class_list":["post-12","page","type-page","status-publish","hentry"],"aioseo_notices":[],"_links":{"self":[{"href":"https:\/\/cerv.gov.sk\/index.php\/wp-json\/wp\/v2\/pages\/12","targetHints":{"allow":["GET"]}}],"collection":[{"href":"https:\/\/cerv.gov.sk\/index.php\/wp-json\/wp\/v2\/pages"}],"about":[{"href":"https:\/\/cerv.gov.sk\/index.php\/wp-json\/wp\/v2\/types\/page"}],"author":[{"embeddable":true,"href":"https:\/\/cerv.gov.sk\/index.php\/wp-json\/wp\/v2\/users\/1"}],"replies":[{"embeddable":true,"href":"https:\/\/cerv.gov.sk\/index.php\/wp-json\/wp\/v2\/comments?post=12"}],"version-history":[{"count":82,"href":"https:\/\/cerv.gov.sk\/index.php\/wp-json\/wp\/v2\/pages\/12\/revisions"}],"predecessor-version":[{"id":1885,"href":"https:\/\/cerv.gov.sk\/index.php\/wp-json\/wp\/v2\/pages\/12\/revisions\/1885"}],"wp:attachment":[{"href":"https:\/\/cerv.gov.sk\/index.php\/wp-json\/wp\/v2\/media?parent=12"}],"curies":[{"name":"wp","href":"https:\/\/api.w.org\/{rel}","templated":true}]}}